{"id":514,"date":"2025-06-30T15:18:46","date_gmt":"2025-06-30T13:18:46","guid":{"rendered":"https:\/\/xl-reklama.si\/produkte\/grosse-led-displays\/"},"modified":"2025-07-09T11:33:51","modified_gmt":"2025-07-09T09:33:51","slug":"grosse-led-displays","status":"publish","type":"page","link":"https:\/\/xl-reklama.si\/de\/digitaldruck\/grosse-led-displays\/","title":{"rendered":"Gro\u00dfe LED-Displays"},"content":{"rendered":"<p>[et_pb_section fb_built=&#8220;1&#8243; custom_padding_last_edited=&#8220;on|phone&#8220; admin_label=&#8220;Hero&#8220; _builder_version=&#8220;4.27.4&#8243; use_background_color_gradient=&#8220;on&#8220; background_color_gradient_direction=&#8220;115deg&#8220; background_color_gradient_stops=&#8220;#86a71f 0%|rgba(207,11,93,0.98) 50%|rgba(17,119,164,0.84) 100%&#8220; background_color_gradient_overlays_image=&#8220;on&#8220; background_color_gradient_start=&#8220;rgba(0,0,0,0.5)&#8220; background_color_gradient_end=&#8220;rgba(0,0,0,0)&#8220; background_image=&#8220;https:\/\/xl-reklama.si\/wp-content\/uploads\/2025\/06\/led-title.webp&#8220; custom_margin=&#8220;|||&#8220; custom_padding=&#8220;75px||106px|||&#8220; custom_padding_tablet=&#8220;&#8220; custom_padding_phone=&#8220;34px||68px||false|false&#8220; bottom_divider_style=&#8220;slant&#8220; bottom_divider_color=&#8220;#ffffff&#8220; bottom_divider_flip=&#8220;horizontal&#8220; bottom_divider_height_tablet=&#8220;&#8220; bottom_divider_height_phone=&#8220;50px&#8220; bottom_divider_height_last_edited=&#8220;on|phone&#8220; animation_direction=&#8220;top&#8220; da_disable_devices=&#8220;off|off|off&#8220; global_colors_info=&#8220;{}&#8220; da_is_popup=&#8220;off&#8220; da_exit_intent=&#8220;off&#8220; da_has_close=&#8220;on&#8220; da_alt_close=&#8220;off&#8220; da_dark_close=&#8220;off&#8220; da_not_modal=&#8220;on&#8220; da_is_singular=&#8220;off&#8220; da_with_loader=&#8220;off&#8220; da_has_shadow=&#8220;on&#8220;][et_pb_row _builder_version=&#8220;4.16&#8243; background_size=&#8220;initial&#8220; background_position=&#8220;top_left&#8220; background_repeat=&#8220;repeat&#8220; custom_padding=&#8220;27px|0px|0px|0px&#8220; global_colors_info=&#8220;{}&#8220;][et_pb_column type=&#8220;4_4&#8243; _builder_version=&#8220;4.16&#8243; custom_padding=&#8220;|||&#8220; global_colors_info=&#8220;{}&#8220; custom_padding__hover=&#8220;|||&#8220;][et_pb_text admin_label=&#8220;Title&#8220; _builder_version=&#8220;4.27.4&#8243; text_font=&#8220;||||||||&#8220; header_font=&#8220;Poppins|600|||||||&#8220; header_font_size=&#8220;64px&#8220; background_layout=&#8220;dark&#8220; animation_style=&#8220;zoom&#8220; animation_direction=&#8220;left&#8220; animation_intensity_zoom=&#8220;10%&#8220; header_font_size_tablet=&#8220;52px&#8220; header_font_size_phone=&#8220;39px&#8220; header_font_size_last_edited=&#8220;on|phone&#8220; global_colors_info=&#8220;{}&#8220;]<\/p>\n<h1>Gro\u00dfe LED-Displays<\/h1>\n<p>[\/et_pb_text][\/et_pb_column][\/et_pb_row][\/et_pb_section][et_pb_section fb_built=&#8220;1&#8243; _builder_version=&#8220;4.27.4&#8243; _module_preset=&#8220;default&#8220; custom_padding=&#8220;||1px||false|false&#8220; da_disable_devices=&#8220;off|off|off&#8220; global_colors_info=&#8220;{}&#8220; da_is_popup=&#8220;off&#8220; da_exit_intent=&#8220;off&#8220; da_has_close=&#8220;on&#8220; da_alt_close=&#8220;off&#8220; da_dark_close=&#8220;off&#8220; da_not_modal=&#8220;on&#8220; da_is_singular=&#8220;off&#8220; da_with_loader=&#8220;off&#8220; da_has_shadow=&#8220;on&#8220;][et_pb_row _builder_version=&#8220;4.22.0&#8243; _module_preset=&#8220;default&#8220; custom_padding=&#8220;||35px|||&#8220; global_colors_info=&#8220;{}&#8220;][et_pb_column type=&#8220;4_4&#8243; module_class=&#8220;btn-inline-left&#8220; _builder_version=&#8220;4.22.0&#8243; _module_preset=&#8220;default&#8220; global_colors_info=&#8220;{}&#8220;][et_pb_text _builder_version=&#8220;4.27.4&#8243; _module_preset=&#8220;default&#8220; header_2_font=&#8220;|700|||||||&#8220; header_2_text_align=&#8220;left&#8220; header_2_font_size=&#8220;30px&#8220; header_2_line_height=&#8220;1.2em&#8220; custom_margin=&#8220;||9px||false|false&#8220; animation_direction=&#8220;right&#8220; header_2_font_size_tablet=&#8220;25px&#8220; header_2_font_size_phone=&#8220;20px&#8220; header_2_font_size_last_edited=&#8220;on|phone&#8220; global_colors_info=&#8220;{}&#8220;]<\/p>\n<h2>Gro\u00dfe LED-Displays aus Panels \u2013 modulare L\u00f6sungen f\u00fcr ein erstklassiges visuelles Erlebnis<\/h2>\n<p>[\/et_pb_text][et_pb_divider color=&#8220;#FA7E12&#8243; divider_weight=&#8220;3px&#8220; _builder_version=&#8220;4.27.4&#8243; _module_preset=&#8220;default&#8220; background_color=&#8220;#EEEEEE&#8220; z_index=&#8220;50&#8243; width=&#8220;150px&#8220; width_tablet=&#8220;100px&#8220; width_phone=&#8220;101px&#8220; width_last_edited=&#8220;on|phone&#8220; module_alignment=&#8220;left&#8220; max_height=&#8220;1px&#8220; custom_margin=&#8220;0px||0px||false|false&#8220; custom_padding=&#8220;0px||0px||false|false&#8220; animation_style=&#8220;fold&#8220; animation_direction=&#8220;left&#8220; global_colors_info=&#8220;{}&#8220;][\/et_pb_divider][et_pb_divider color=&#8220;#d1d1d1&#8243; divider_weight=&#8220;1px&#8220; _builder_version=&#8220;4.22.0&#8243; _module_preset=&#8220;default&#8220; width=&#8220;450px&#8220; width_tablet=&#8220;90%&#8220; width_phone=&#8220;80%&#8220; width_last_edited=&#8220;on|phone&#8220; module_alignment=&#8220;left&#8220; custom_margin=&#8220;||4px||false|false&#8220; custom_padding=&#8220;||0px||false|false&#8220; animation_direction=&#8220;right&#8220; global_colors_info=&#8220;{}&#8220;][\/et_pb_divider][et_pb_text _builder_version=&#8220;4.27.4&#8243; _module_preset=&#8220;default&#8220; text_font_size=&#8220;16px&#8220; text_line_height=&#8220;1.6em&#8220; global_colors_info=&#8220;{}&#8220;]<\/p>\n<p>Unsere LED-Displays, bestehend aus einzelnen Panels, sind die ideale L\u00f6sung f\u00fcr Projekte, bei denen Sie mit hoher Helligkeit, lebendigen Farben und nahtloser Bilddarstellung Aufmerksamkeit erregen m\u00f6chten. Die modulare Bauweise erm\u00f6glicht eine perfekte Anpassung von Gr\u00f6\u00dfe, Form und Aufl\u00f6sung \u2013 von kleineren Indoor-Pr\u00e4sentationen bis hin zu riesigen Outdoor-Videow\u00e4nden. Einsatzbereiche: Gesch\u00e4fte, Konzerte, Messen, Stadien, Einkaufszentren, Werbefl\u00e4chen, LED-Totems und Fassaden.<\/p>\n<p>[\/et_pb_text][\/et_pb_column][\/et_pb_row][\/et_pb_section][et_pb_section fb_built=&#8220;1&#8243; admin_label=&#8220;Mission&#8220; _builder_version=&#8220;4.27.4&#8243; background_color=&#8220;#FFFFFF&#8220; custom_padding=&#8220;18px||18px||true|false&#8220; da_disable_devices=&#8220;off|off|off&#8220; locked=&#8220;off&#8220; global_colors_info=&#8220;{}&#8220; da_is_popup=&#8220;off&#8220; da_exit_intent=&#8220;off&#8220; da_has_close=&#8220;on&#8220; da_alt_close=&#8220;off&#8220; da_dark_close=&#8220;off&#8220; da_not_modal=&#8220;on&#8220; da_is_singular=&#8220;off&#8220; da_with_loader=&#8220;off&#8220; da_has_shadow=&#8220;on&#8220;][et_pb_row column_structure=&#8220;1_2,1_2&#8243; make_equal=&#8220;on&#8220; _builder_version=&#8220;4.27.4&#8243; global_colors_info=&#8220;{}&#8220;][et_pb_column type=&#8220;1_2&#8243; _builder_version=&#8220;4.27.4&#8243; background_enable_color=&#8220;off&#8220; custom_css_main_element=&#8220;border-radius:22px;&#8220; border_width_all=&#8220;2px&#8220; border_color_all=&#8220;#FECC01&#8243; box_shadow_style=&#8220;preset1&#8243; box_shadow_blur=&#8220;55px&#8220; box_shadow_color=&#8220;rgba(254,204,1,0.2)&#8220; global_colors_info=&#8220;{}&#8220; box_shadow_color__hover_enabled=&#8220;on|hover&#8220; box_shadow_color__hover=&#8220;rgba(250,126,18,0.3)&#8220;][et_pb_slider arrows_custom_color=&#8220;#FECC01&#8243; dot_nav_custom_color=&#8220;RGBA(255,255,255,0)&#8220; _builder_version=&#8220;4.27.4&#8243; _module_preset=&#8220;default&#8220; background_color=&#8220;#FFFFFF&#8220; min_height=&#8220;600px&#8220; min_height_tablet=&#8220;400px&#8220; min_height_phone=&#8220;350px&#8220; min_height_last_edited=&#8220;on|phone&#8220; max_height=&#8220;600px&#8220; max_height_tablet=&#8220;400px&#8220; max_height_phone=&#8220;350px&#8220; max_height_last_edited=&#8220;on|phone&#8220; custom_margin=&#8220;30px|-30px|30px|30px|false|false&#8220; custom_margin_tablet=&#8220;30px|-30px|30px|30px|false|false&#8220; custom_margin_phone=&#8220;20px|-20px|20px|20px|false|false&#8220; custom_margin_last_edited=&#8220;on|phone&#8220; border_radii=&#8220;on|22px|22px|22px|22px&#8220; border_color_all=&#8220;#FA7E12&#8243; box_shadow_style=&#8220;preset1&#8243; box_shadow_blur=&#8220;55px&#8220; global_colors_info=&#8220;{}&#8220;][et_pb_slide _builder_version=&#8220;4.27.4&#8243; _module_preset=&#8220;default&#8220; background_color=&#8220;#FFFFFF&#8220; background_enable_color=&#8220;on&#8220; background_image=&#8220;https:\/\/xl-reklama.si\/wp-content\/uploads\/2025\/06\/Veliki-LED-zaslon_xl-reklame.si_.webp&#8220; background_enable_image=&#8220;on&#8220; global_colors_info=&#8220;{}&#8220; sticky_transition=&#8220;on&#8220;][\/et_pb_slide][et_pb_slide _builder_version=&#8220;4.27.4&#8243; _module_preset=&#8220;default&#8220; background_color=&#8220;#FFFFFF&#8220; background_enable_color=&#8220;on&#8220; background_image=&#8220;https:\/\/xl-reklama.si\/wp-content\/uploads\/2025\/06\/Ekran-led-zew_xl-reklame.si_.webp&#8220; background_enable_image=&#8220;on&#8220; border_color_all_image=&#8220;#1177A4&#8243; global_colors_info=&#8220;{}&#8220; sticky_transition=&#8220;on&#8220;][\/et_pb_slide][\/et_pb_slider][\/et_pb_column][et_pb_column type=&#8220;1_2&#8243; module_class=&#8220;ds-vertical-align&#8220; _builder_version=&#8220;4.27.4&#8243; custom_padding=&#8220;|30px||30px|false|true&#8220; custom_padding_tablet=&#8220;0px||||false|false&#8220; custom_padding_phone=&#8220;&#8220; custom_padding_last_edited=&#8220;on|phone&#8220; global_colors_info=&#8220;{}&#8220;][et_pb_text _builder_version=&#8220;4.27.4&#8243; header_font=&#8220;||||||||&#8220; header_2_font=&#8220;Poppins|700|||||||&#8220; header_2_font_size=&#8220;30px&#8220; header_2_line_height=&#8220;1.2em&#8220; header_6_font=&#8220;||||||||&#8220; width_tablet=&#8220;66%&#8220; width_phone=&#8220;99%&#8220; width_last_edited=&#8220;on|phone&#8220; max_width_last_edited=&#8220;off|desktop&#8220; module_alignment=&#8220;left&#8220; custom_margin=&#8220;||1px||false|false&#8220; custom_padding=&#8220;|||&#8220; header_2_font_size_tablet=&#8220;25px&#8220; header_2_font_size_phone=&#8220;20px&#8220; header_2_font_size_last_edited=&#8220;on|phone&#8220; locked=&#8220;off&#8220; global_colors_info=&#8220;{}&#8220;]<\/p>\n<h2>Gro\u00dfe LED-Displays aus Panels<\/h2>\n<p><\/p>\n<ul>\n<li>Modulare Bauweise f\u00fcr individuelle Gr\u00f6\u00dfen<\/li>\n<li>Indoor- und Outdoor-Varianten (IP-Schutz)<\/li>\n<li>Verschiedene Pixelabst\u00e4nde (von P2.0 bis P10 und mehr)<\/li>\n<li>Hohe Helligkeit, exzellente Sichtbarkeit auch bei Sonnenlicht<\/li>\n<li>Wartung von vorne oder hinten m\u00f6glich<\/li>\n<li>Schnelle Montage und einfache Instandhaltung<\/li>\n<\/ul>\n<p>[\/et_pb_text][et_pb_button button_url=&#8220;#povprasevanje&#8220; button_text=&#8220;ANFRAGE SENDEN&#8220; _builder_version=&#8220;4.27.4&#8243; custom_button=&#8220;on&#8220; button_text_size=&#8220;14px&#8220; button_bg_color=&#8220;#FECC01&#8243; button_border_width=&#8220;12px&#8220; button_border_color=&#8220;#FECC01&#8243; button_border_radius=&#8220;11px&#8220; button_letter_spacing=&#8220;2px&#8220; button_font=&#8220;|600||on|||||&#8220; button_icon=&#8220;&#x24;||divi||400&#8243; background_layout=&#8220;dark&#8220; custom_margin=&#8220;12px||||false|false&#8220; animation_style=&#8220;slide&#8220; animation_direction=&#8220;top&#8220; animation_intensity_slide=&#8220;20%&#8220; hover_enabled=&#8220;0&#8243; locked=&#8220;off&#8220; global_colors_info=&#8220;{}&#8220; button_bg_color__hover_enabled=&#8220;off|desktop&#8220; button_bg_color__hover=&#8220;#1177A4&#8243; button_bg_enable_color__hover=&#8220;on&#8220; button_text_color__hover_enabled=&#8220;off|desktop&#8220; button_text_color__hover=&#8220;#ffffff&#8220; button_border_color__hover_enabled=&#8220;off|desktop&#8220; button_border_color__hover=&#8220;#1177A4&#8243; sticky_enabled=&#8220;0&#8243;][\/et_pb_button][\/et_pb_column][\/et_pb_row][\/et_pb_section][et_pb_section fb_built=&#8220;1&#8243; admin_label=&#8220;Popup &#8211; #povprasevanje&#8220; module_id=&#8220;povprasevanje&#8220; module_class=&#8220;popup&#8220; _builder_version=&#8220;4.27.4&#8243; width=&#8220;66%&#8220; width_tablet=&#8220;95%&#8220; width_phone=&#8220;95%&#8220; width_last_edited=&#8220;on|phone&#8220; custom_padding=&#8220;24px||24px||true|false&#8220; da_is_popup=&#8220;on&#8220; da_popup_slug=&#8220;povprasevanje&#8220; da_disable_devices=&#8220;off|off|off&#8220; global_colors_info=&#8220;{}&#8220; da_exit_intent=&#8220;off&#8220; da_has_close=&#8220;on&#8220; da_alt_close=&#8220;off&#8220; da_dark_close=&#8220;off&#8220; da_not_modal=&#8220;on&#8220; da_is_singular=&#8220;off&#8220; da_with_loader=&#8220;off&#8220; da_has_shadow=&#8220;on&#8220;][et_pb_row make_equal=&#8220;on&#8220; _builder_version=&#8220;4.27.4&#8243; custom_padding=&#8220;21px||38px|||&#8220; global_colors_info=&#8220;{}&#8220;][et_pb_column type=&#8220;4_4&#8243; _builder_version=&#8220;4.20.2&#8243; global_colors_info=&#8220;{}&#8220;][et_pb_text _builder_version=&#8220;4.27.4&#8243; header_2_font=&#8220;|700|||||||&#8220; header_2_text_align=&#8220;left&#8220; header_2_font_size=&#8220;25px&#8220; custom_margin=&#8220;||8px||false|false&#8220; global_colors_info=&#8220;{}&#8220;]<\/p>\n<h2>Anfrage senden<\/h2>\n<p>[\/et_pb_text][et_pb_divider color=&#8220;#FA7E12&#8243; divider_weight=&#8220;4px&#8220; _builder_version=&#8220;4.27.4&#8243; width=&#8220;100px&#8220; module_alignment=&#8220;left&#8220; custom_margin=&#8220;||8px||false|false&#8220; animation_style=&#8220;slide&#8220; animation_direction=&#8220;right&#8220; animation_intensity_slide=&#8220;9%&#8220; global_colors_info=&#8220;{}&#8220;][\/et_pb_divider][et_pb_contact_form captcha=&#8220;off&#8220; email=&#8220;sandi@xl-reklama.si&#8220; custom_message=&#8220;Veliki LED zasloni||et_pb_line_break_holder||||et_pb_line_break_holder||Ime: %%Name%%||et_pb_line_break_holder||||et_pb_line_break_holder||Email: %%Email%%||et_pb_line_break_holder||||et_pb_line_break_holder||Sporocilo:||et_pb_line_break_holder||%%Message%%&#8220; success_message=&#8220;Vielen Dank f\u00fcr Ihre Nachricht. Wir werden versuchen, so schnell wie m\u00f6glich zu antworten.&#8220; submit_button_text=&#8220;Senden&#8220; _builder_version=&#8220;4.27.4&#8243; custom_button=&#8220;on&#8220; button_text_size=&#8220;15px&#8220; button_text_color=&#8220;#FFFFFF&#8220; button_bg_color=&#8220;#FA7E12&#8243; button_border_width=&#8220;8px&#8220; button_border_color=&#8220;#FA7E12&#8243; button_border_radius=&#8220;10px&#8220; button_icon=&#8220;&#x24;||divi||400&#8243; button_border_color_last_edited=&#8220;off|desktop&#8220; global_colors_info=&#8220;{}&#8220; button_bg_color__hover_enabled=&#8220;on|hover&#8220; button_bg_color__hover=&#8220;#1177A4&#8243; button_bg_enable_color__hover=&#8220;on&#8220; button_border_color__hover_enabled=&#8220;on|hover&#8220; button_border_color__hover=&#8220;#1177A4&#8243;][et_pb_contact_field field_id=&#8220;Name&#8220; field_title=&#8220;Name&#8220; _builder_version=&#8220;4.27.4&#8243; border_color_left=&#8220;#FA7E12&#8243; global_colors_info=&#8220;{}&#8220; button_text_size__hover_enabled=&#8220;off&#8220; button_one_text_size__hover_enabled=&#8220;off&#8220; button_two_text_size__hover_enabled=&#8220;off&#8220; button_text_color__hover_enabled=&#8220;off&#8220; button_one_text_color__hover_enabled=&#8220;off&#8220; button_two_text_color__hover_enabled=&#8220;off&#8220; button_border_width__hover_enabled=&#8220;off&#8220; button_one_border_width__hover_enabled=&#8220;off&#8220; button_two_border_width__hover_enabled=&#8220;off&#8220; button_border_color__hover_enabled=&#8220;off&#8220; button_one_border_color__hover_enabled=&#8220;off&#8220; button_two_border_color__hover_enabled=&#8220;off&#8220; button_border_radius__hover_enabled=&#8220;off&#8220; button_one_border_radius__hover_enabled=&#8220;off&#8220; button_two_border_radius__hover_enabled=&#8220;off&#8220; button_letter_spacing__hover_enabled=&#8220;off&#8220; button_one_letter_spacing__hover_enabled=&#8220;off&#8220; button_two_letter_spacing__hover_enabled=&#8220;off&#8220; button_bg_color__hover_enabled=&#8220;off&#8220; button_one_bg_color__hover_enabled=&#8220;off&#8220; button_two_bg_color__hover_enabled=&#8220;off&#8220; border_width_left__hover_enabled=&#8220;on|hover&#8220; border_width_left__hover=&#8220;7px&#8220;][\/et_pb_contact_field][et_pb_contact_field field_id=&#8220;Email&#8220; field_title=&#8220;E-Mail&#8220; field_type=&#8220;email&#8220; _builder_version=&#8220;4.27.4&#8243; border_color_left=&#8220;#FA7E12&#8243; global_colors_info=&#8220;{}&#8220; button_text_size__hover_enabled=&#8220;off&#8220; button_one_text_size__hover_enabled=&#8220;off&#8220; button_two_text_size__hover_enabled=&#8220;off&#8220; button_text_color__hover_enabled=&#8220;off&#8220; button_one_text_color__hover_enabled=&#8220;off&#8220; button_two_text_color__hover_enabled=&#8220;off&#8220; button_border_width__hover_enabled=&#8220;off&#8220; button_one_border_width__hover_enabled=&#8220;off&#8220; button_two_border_width__hover_enabled=&#8220;off&#8220; button_border_color__hover_enabled=&#8220;off&#8220; button_one_border_color__hover_enabled=&#8220;off&#8220; button_two_border_color__hover_enabled=&#8220;off&#8220; button_border_radius__hover_enabled=&#8220;off&#8220; button_one_border_radius__hover_enabled=&#8220;off&#8220; button_two_border_radius__hover_enabled=&#8220;off&#8220; button_letter_spacing__hover_enabled=&#8220;off&#8220; button_one_letter_spacing__hover_enabled=&#8220;off&#8220; button_two_letter_spacing__hover_enabled=&#8220;off&#8220; button_bg_color__hover_enabled=&#8220;off&#8220; button_one_bg_color__hover_enabled=&#8220;off&#8220; button_two_bg_color__hover_enabled=&#8220;off&#8220; border_width_left__hover_enabled=&#8220;on|hover&#8220; border_width_left__hover=&#8220;7px&#8220;][\/et_pb_contact_field][et_pb_contact_field field_id=&#8220;izdelek&#8220; field_title=&#8220;An welchem Produkt sind Sie interessiert:&#8220; field_type=&#8220;checkbox&#8220; checkbox_options=&#8220;%91{%22value%22:%22Gro\u00dfe LED-Displays aus Panels%22,%22checked%22:0,%22dragID%22:-1}%93&#8243; required_mark=&#8220;off&#8220; fullwidth_field=&#8220;on&#8220; _builder_version=&#8220;4.27.4&#8243; _module_preset=&#8220;default&#8220; global_colors_info=&#8220;{}&#8220;][\/et_pb_contact_field][et_pb_contact_field field_id=&#8220;Message&#8220; field_title=&#8220;Nachricht&#8220; field_type=&#8220;text&#8220; fullwidth_field=&#8220;on&#8220; _builder_version=&#8220;4.27.4&#8243; border_color_left=&#8220;#FA7E12&#8243; global_colors_info=&#8220;{}&#8220; button_text_size__hover_enabled=&#8220;off&#8220; button_one_text_size__hover_enabled=&#8220;off&#8220; button_two_text_size__hover_enabled=&#8220;off&#8220; button_text_color__hover_enabled=&#8220;off&#8220; button_one_text_color__hover_enabled=&#8220;off&#8220; button_two_text_color__hover_enabled=&#8220;off&#8220; button_border_width__hover_enabled=&#8220;off&#8220; button_one_border_width__hover_enabled=&#8220;off&#8220; button_two_border_width__hover_enabled=&#8220;off&#8220; button_border_color__hover_enabled=&#8220;off&#8220; button_one_border_color__hover_enabled=&#8220;off&#8220; button_two_border_color__hover_enabled=&#8220;off&#8220; button_border_radius__hover_enabled=&#8220;off&#8220; button_one_border_radius__hover_enabled=&#8220;off&#8220; button_two_border_radius__hover_enabled=&#8220;off&#8220; button_letter_spacing__hover_enabled=&#8220;off&#8220; button_one_letter_spacing__hover_enabled=&#8220;off&#8220; button_two_letter_spacing__hover_enabled=&#8220;off&#8220; button_bg_color__hover_enabled=&#8220;off&#8220; button_one_bg_color__hover_enabled=&#8220;off&#8220; button_two_bg_color__hover_enabled=&#8220;off&#8220; border_width_left__hover_enabled=&#8220;on|hover&#8220; border_width_left__hover=&#8220;7px&#8220;][\/et_pb_contact_field][et_pb_contact_field field_id=&#8220;Gdpr&#8220; field_title=&#8220;Datenschutzpolitik&#8220; field_type=&#8220;checkbox&#8220; checkbox_options=&#8220;%91{%22value%22:%22Ich genehmige die \u00dcbermittlung meiner Daten. Wir ben\u00f6tigen Ihre Daten, um Ihnen zu antworten. Wir verarbeiten Ihre Daten nicht f\u00fcr andere Zwecke und geben sie nicht an Dritte weiter.%22,%22checked%22:0,%22dragID%22:-1}%93&#8243; fullwidth_field=&#8220;on&#8220; _builder_version=&#8220;4.20.2&#8243; _module_preset=&#8220;default&#8220; form_field_font_size=&#8220;12px&#8220; global_colors_info=&#8220;{}&#8220;][\/et_pb_contact_field][\/et_pb_contact_form][\/et_pb_column][\/et_pb_row][\/et_pb_section]<\/p>\n","protected":false},"excerpt":{"rendered":"<p>Gro\u00dfe LED-DisplaysGro\u00dfe LED-Displays aus Panels \u2013 modulare L\u00f6sungen f\u00fcr ein erstklassiges visuelles ErlebnisUnsere LED-Displays, bestehend aus einzelnen Panels, sind die ideale L\u00f6sung f\u00fcr Projekte, bei denen Sie mit hoher Helligkeit, lebendigen Farben und nahtloser Bilddarstellung Aufmerksamkeit erregen m\u00f6chten. Die modulare Bauweise erm\u00f6glicht eine perfekte Anpassung von Gr\u00f6\u00dfe, Form und Aufl\u00f6sung \u2013 von kleineren Indoor-Pr\u00e4sentationen bis [&hellip;]<\/p>\n","protected":false},"author":1,"featured_media":0,"parent":499,"menu_order":0,"comment_status":"closed","ping_status":"closed","template":"","meta":{"_seopress_robots_primary_cat":"","_seopress_titles_title":"","_seopress_titles_desc":"","_seopress_robots_index":"","_et_pb_use_builder":"on","_et_pb_old_content":"","_et_gb_content_width":"","footnotes":""},"class_list":["post-514","page","type-page","status-publish","hentry"],"_links":{"self":[{"href":"https:\/\/xl-reklama.si\/de\/wp-json\/wp\/v2\/pages\/514","targetHints":{"allow":["GET"]}}],"collection":[{"href":"https:\/\/xl-reklama.si\/de\/wp-json\/wp\/v2\/pages"}],"about":[{"href":"https:\/\/xl-reklama.si\/de\/wp-json\/wp\/v2\/types\/page"}],"author":[{"embeddable":true,"href":"https:\/\/xl-reklama.si\/de\/wp-json\/wp\/v2\/users\/1"}],"replies":[{"embeddable":true,"href":"https:\/\/xl-reklama.si\/de\/wp-json\/wp\/v2\/comments?post=514"}],"version-history":[{"count":1,"href":"https:\/\/xl-reklama.si\/de\/wp-json\/wp\/v2\/pages\/514\/revisions"}],"predecessor-version":[{"id":515,"href":"https:\/\/xl-reklama.si\/de\/wp-json\/wp\/v2\/pages\/514\/revisions\/515"}],"up":[{"embeddable":true,"href":"https:\/\/xl-reklama.si\/de\/wp-json\/wp\/v2\/pages\/499"}],"wp:attachment":[{"href":"https:\/\/xl-reklama.si\/de\/wp-json\/wp\/v2\/media?parent=514"}],"curies":[{"name":"wp","href":"https:\/\/api.w.org\/{rel}","templated":true}]}}