{"id":499,"date":"2025-06-30T15:17:24","date_gmt":"2025-06-30T13:17:24","guid":{"rendered":"https:\/\/xl-reklama.si\/produkte\/"},"modified":"2026-03-04T14:30:53","modified_gmt":"2026-03-04T13:30:53","slug":"digitaldruck","status":"publish","type":"page","link":"https:\/\/xl-reklama.si\/de\/digitaldruck\/","title":{"rendered":"Digitaldruck"},"content":{"rendered":"<p>[et_pb_section fb_built=&#8220;1&#8243; custom_padding_last_edited=&#8220;on|phone&#8220; admin_label=&#8220;Hero&#8220; _builder_version=&#8220;4.27.4&#8243; use_background_color_gradient=&#8220;on&#8220; background_color_gradient_direction=&#8220;115deg&#8220; background_color_gradient_stops=&#8220;#86a71f 0%|rgba(207,11,93,0.98) 50%|rgba(17,119,164,0.84) 100%&#8220; background_color_gradient_overlays_image=&#8220;on&#8220; background_color_gradient_start=&#8220;rgba(0,0,0,0.5)&#8220; background_color_gradient_end=&#8220;rgba(0,0,0,0)&#8220; background_image=&#8220;https:\/\/xl-reklama.si\/wp-content\/uploads\/2025\/06\/led-title.webp&#8220; custom_margin=&#8220;|||&#8220; custom_padding=&#8220;75px||106px|||&#8220; custom_padding_tablet=&#8220;&#8220; custom_padding_phone=&#8220;34px||68px||false|false&#8220; bottom_divider_style=&#8220;slant&#8220; bottom_divider_color=&#8220;#ffffff&#8220; bottom_divider_flip=&#8220;horizontal&#8220; bottom_divider_height_tablet=&#8220;&#8220; bottom_divider_height_phone=&#8220;50px&#8220; bottom_divider_height_last_edited=&#8220;on|phone&#8220; animation_direction=&#8220;top&#8220; da_disable_devices=&#8220;off|off|off&#8220; global_colors_info=&#8220;{}&#8220; da_is_popup=&#8220;off&#8220; da_exit_intent=&#8220;off&#8220; da_has_close=&#8220;on&#8220; da_alt_close=&#8220;off&#8220; da_dark_close=&#8220;off&#8220; da_not_modal=&#8220;on&#8220; da_is_singular=&#8220;off&#8220; da_with_loader=&#8220;off&#8220; da_has_shadow=&#8220;on&#8220;][et_pb_row _builder_version=&#8220;4.16&#8243; background_size=&#8220;initial&#8220; background_position=&#8220;top_left&#8220; background_repeat=&#8220;repeat&#8220; custom_padding=&#8220;27px|0px|0px|0px&#8220; global_colors_info=&#8220;{}&#8220;][et_pb_column type=&#8220;4_4&#8243; _builder_version=&#8220;4.16&#8243; custom_padding=&#8220;|||&#8220; global_colors_info=&#8220;{}&#8220; custom_padding__hover=&#8220;|||&#8220;][et_pb_text admin_label=&#8220;Title&#8220; _builder_version=&#8220;4.27.4&#8243; text_font=&#8220;||||||||&#8220; header_font=&#8220;Poppins|600|||||||&#8220; header_font_size=&#8220;64px&#8220; background_layout=&#8220;dark&#8220; animation_style=&#8220;zoom&#8220; animation_direction=&#8220;left&#8220; animation_intensity_zoom=&#8220;10%&#8220; header_font_size_tablet=&#8220;52px&#8220; header_font_size_phone=&#8220;39px&#8220; header_font_size_last_edited=&#8220;on|phone&#8220; global_colors_info=&#8220;{}&#8220;]<\/p>\n<h1>Digitaldruck<\/h1>\n<p>[\/et_pb_text][\/et_pb_column][\/et_pb_row][\/et_pb_section][et_pb_section fb_built=&#8220;1&#8243; custom_padding_last_edited=&#8220;on|tablet&#8220; admin_label=&#8220;Ruler Blurbs &#8211; Ragnar&#8220; module_id=&#8220;izdelki&#8220; module_class=&#8220;ragnar_blurbs_ruler&#8220; _builder_version=&#8220;4.27.4&#8243; _module_preset=&#8220;default&#8220; background_enable_color=&#8220;off&#8220; custom_padding=&#8220;12px||54px||false|false&#8220; custom_padding_tablet=&#8220;50px||||false|false&#8220; custom_padding_phone=&#8220;&#8220; da_popup_slug=&#8220;izdelki&#8220; da_disable_devices=&#8220;off|off|off&#8220; saved_tabs=&#8220;all&#8220; global_colors_info=&#8220;{}&#8220; da_is_popup=&#8220;off&#8220; da_exit_intent=&#8220;off&#8220; da_has_close=&#8220;on&#8220; da_alt_close=&#8220;off&#8220; da_dark_close=&#8220;off&#8220; da_not_modal=&#8220;on&#8220; da_is_singular=&#8220;off&#8220; da_with_loader=&#8220;off&#8220; da_has_shadow=&#8220;on&#8220;][et_pb_row _builder_version=&#8220;4.20.0&#8243; _module_preset=&#8220;default&#8220; custom_padding=&#8220;||35px|||&#8220; global_colors_info=&#8220;{}&#8220;][et_pb_column type=&#8220;4_4&#8243; module_class=&#8220;btn-inline&#8220; _builder_version=&#8220;4.20.0&#8243; _module_preset=&#8220;default&#8220; global_colors_info=&#8220;{}&#8220;][et_pb_text _builder_version=&#8220;4.27.4&#8243; _module_preset=&#8220;default&#8220; header_2_font=&#8220;|700|||||||&#8220; header_2_text_align=&#8220;center&#8220; header_2_font_size=&#8220;30px&#8220; header_2_line_height=&#8220;1.2em&#8220; custom_margin=&#8220;||9px||false|false&#8220; animation_direction=&#8220;right&#8220; header_2_font_size_tablet=&#8220;25px&#8220; header_2_font_size_phone=&#8220;20px&#8220; header_2_font_size_last_edited=&#8220;on|phone&#8220; global_colors_info=&#8220;{}&#8220;]<\/p>\n<h2>Unser Angebot<\/h2>\n<p>[\/et_pb_text][et_pb_divider color=&#8220;#FA7E12&#8243; divider_weight=&#8220;3px&#8220; _builder_version=&#8220;4.27.4&#8243; _module_preset=&#8220;default&#8220; background_color=&#8220;#EEEEEE&#8220; z_index=&#8220;50&#8243; width=&#8220;150px&#8220; width_tablet=&#8220;100px&#8220; width_phone=&#8220;101px&#8220; width_last_edited=&#8220;on|phone&#8220; module_alignment=&#8220;center&#8220; max_height=&#8220;1px&#8220; custom_margin=&#8220;0px||0px||false|false&#8220; custom_padding=&#8220;0px||0px||false|false&#8220; animation_style=&#8220;slide&#8220; animation_intensity_slide=&#8220;32%&#8220; global_colors_info=&#8220;{}&#8220;][\/et_pb_divider][et_pb_divider color=&#8220;#d1d1d1&#8243; divider_weight=&#8220;1px&#8220; _builder_version=&#8220;4.22.0&#8243; _module_preset=&#8220;default&#8220; width=&#8220;800px&#8220; width_tablet=&#8220;90%&#8220; width_phone=&#8220;80%&#8220; width_last_edited=&#8220;on|phone&#8220; module_alignment=&#8220;center&#8220; custom_margin=&#8220;||4px||false|false&#8220; custom_padding=&#8220;||0px||false|false&#8220; animation_direction=&#8220;right&#8220; global_colors_info=&#8220;{}&#8220;][\/et_pb_divider][\/et_pb_column][\/et_pb_row][et_pb_row column_structure=&#8220;1_5,1_5,1_5,1_5,1_5&#8243; use_custom_gutter=&#8220;on&#8220; gutter_width=&#8220;2&#8243; admin_label=&#8220;Ruler Blurbs &#8211; Ragnar &#8211; Row&#8220; _builder_version=&#8220;4.27.4&#8243; _module_preset=&#8220;default&#8220; width=&#8220;90%&#8220; max_width=&#8220;1619px&#8220; custom_padding=&#8220;||0px||false|false&#8220; custom_css_main_element=&#8220;    display: flex;||    align-items: flex-end;&#8220; global_colors_info=&#8220;{}&#8220;][et_pb_column type=&#8220;1_5&#8243; _builder_version=&#8220;4.27.4&#8243; _module_preset=&#8220;default&#8220; custom_css_main_element=&#8220;    width: 18.3% !important;||    margin-right: 2.1% !important;&#8220; border_width_all=&#8220;1px&#8220; border_color_all=&#8220;#000000&#8243; global_colors_info=&#8220;{}&#8220;][et_pb_cta title=&#8220;LCD Totem&#8220; button_url=&#8220;https:\/\/xl-reklama.si\/de\/digitaldruck\/lcd-totems\/&#8220; admin_label=&#8220;Ruler Blurbs &#8211; Ragnar &#8211; Call To Action &#8211; BG image: 296x480px&#8220; _builder_version=&#8220;4.27.4&#8243; _module_preset=&#8220;default&#8220; header_font=&#8220;Poppins|700|||||||&#8220; header_text_color=&#8220;#ffffff&#8220; header_font_size=&#8220;26px&#8220; header_line_height=&#8220;120%&#8220; body_font=&#8220;||||||||&#8220; body_text_color=&#8220;#ffffff&#8220; body_font_size=&#8220;16px&#8220; body_line_height=&#8220;165%&#8220; background_enable_color=&#8220;off&#8220; background_image=&#8220;https:\/\/xl-reklama.si\/wp-content\/uploads\/2025\/06\/LED-totem-notranji-43_xl-reklame.si_.webp&#8220; background_position=&#8220;bottom_center&#8220; custom_button=&#8220;on&#8220; button_text_size=&#8220;0px&#8220; button_bg_color=&#8220;#ffffff&#8220; button_border_width=&#8220;0px&#8220; button_border_radius=&#8220;0px&#8220; button_custom_margin=&#8220;35px||||false|false&#8220; button_custom_padding=&#8220;0px|0px|0px|0px|false|false&#8220; custom_padding=&#8220;92px||93px||false|false&#8220; link_option_url=&#8220;https:\/\/xl-reklama.si\/de\/digitaldruck\/lcd-totems\/&#8220; scroll_scaling=&#8220;0|50|50|100|0%|50%|100&#8243; hover_enabled=&#8220;0&#8243; header_font_size_tablet=&#8220;24px&#8220; header_font_size_phone=&#8220;22px&#8220; header_font_size_last_edited=&#8220;on|phone&#8220; custom_css_before=&#8220;content: %22%22;||display: block;||background-color: #25282a;||width: 100%;||height: 100%;||position: absolute;||left:0;||bottom: 0;||opacity: 0.8;||transition: 0.3s;||  z-index: 1;&#8220; custom_css_main_element=&#8220;position: relative;&#8220; custom_css_after=&#8220;content: %22%22;||display: block;||background-color: #fff;||width: 100%;||height: 0;||position: absolute;||left:0;||top: 0;||opacity: 1;||transition: 0.3s;||  z-index: 2;&#8220; custom_css_promo_description=&#8220;font-weight: 400;||transition: 0.4s;||  z-index: 3;&#8220; custom_css_promo_button=&#8220;height: 2px;||    width: 40px;||  z-index: 3;&#8220; custom_css_promo_title=&#8220;font-weight: 400;||padding-bottom: 27px;&#8220; global_colors_info=&#8220;{}&#8220; body_text_color__hover_enabled=&#8220;off|desktop&#8220; body_text_color__hover=&#8220;#b7babe&#8220; sticky_enabled=&#8220;0&#8243;]<\/p>\n<p>Eine moderne und effiziente L\u00f6sung f\u00fcr die Anzeige digitaler Inhalte auf hohem Niveau.<\/p>\n<p>[\/et_pb_cta][\/et_pb_column][et_pb_column type=&#8220;1_5&#8243; _builder_version=&#8220;4.27.4&#8243; _module_preset=&#8220;default&#8220; custom_css_main_element=&#8220;    width: 18.3% !important;||    margin-right: 2.1% !important;&#8220; border_width_all=&#8220;1px&#8220; border_color_all=&#8220;#000000&#8243; global_colors_info=&#8220;{}&#8220;][et_pb_cta title=&#8220;Alurahmen mit LED&#8220; button_url=&#8220;https:\/\/xl-reklama.si\/de\/digitaldruck\/alurahmen-mit-led\/&#8220; admin_label=&#8220;Ruler Blurbs &#8211; Ragnar &#8211; Call To Action &#8211; BG image: 296x480px&#8220; _builder_version=&#8220;4.27.4&#8243; _module_preset=&#8220;default&#8220; header_font=&#8220;Poppins|700|||||||&#8220; header_text_color=&#8220;#ffffff&#8220; header_font_size=&#8220;26px&#8220; header_line_height=&#8220;120%&#8220; body_font=&#8220;||||||||&#8220; body_text_color=&#8220;#ffffff&#8220; body_font_size=&#8220;16px&#8220; body_line_height=&#8220;165%&#8220; background_enable_color=&#8220;off&#8220; background_image=&#8220;https:\/\/xl-reklama.si\/wp-content\/uploads\/2025\/06\/Aluminijasti-okvir-z-LED-osvetlitvijo-in-tekstilom3_xl-reklame.si_.jpg&#8220; background_position=&#8220;bottom_center&#8220; custom_button=&#8220;on&#8220; button_text_size=&#8220;0px&#8220; button_bg_color=&#8220;#ffffff&#8220; button_border_width=&#8220;0px&#8220; button_border_radius=&#8220;0px&#8220; button_custom_margin=&#8220;35px||||false|false&#8220; button_custom_padding=&#8220;0px|0px|0px|0px|false|false&#8220; custom_padding=&#8220;92px||93px||false|false&#8220; link_option_url=&#8220;https:\/\/xl-reklama.si\/de\/digitaldruck\/alurahmen-mit-led\/&#8220; scroll_scaling=&#8220;0|50|50|100|0%|50%|100&#8243; hover_enabled=&#8220;0&#8243; header_font_size_tablet=&#8220;24px&#8220; header_font_size_phone=&#8220;22px&#8220; header_font_size_last_edited=&#8220;on|phone&#8220; custom_css_before=&#8220;content: %22%22;||display: block;||background-color: #25282a;||width: 100%;||height: 100%;||position: absolute;||left:0;||bottom: 0;||opacity: 0.8;||transition: 0.3s;||  z-index: 1;&#8220; custom_css_main_element=&#8220;position: relative;&#8220; custom_css_after=&#8220;content: %22%22;||display: block;||background-color: #fff;||width: 100%;||height: 0;||position: absolute;||left:0;||top: 0;||opacity: 1;||transition: 0.3s;||  z-index: 2;&#8220; custom_css_promo_description=&#8220;font-weight: 400;||transition: 0.4s;||  z-index: 3;&#8220; custom_css_promo_button=&#8220;height: 2px;||    width: 40px;||  z-index: 3;&#8220; custom_css_promo_title=&#8220;font-weight: 400;||padding-bottom: 27px;&#8220; locked=&#8220;off&#8220; global_colors_info=&#8220;{}&#8220; header_text_color__hover_enabled=&#8220;off|desktop&#8220; header_text_color__hover=&#8220;#191b1d&#8220; sticky_enabled=&#8220;0&#8243;]<\/p>\n<p>Die ideale L\u00f6sung f\u00fcr attraktive und professionelle Werbung.<\/p>\n<p>[\/et_pb_cta][\/et_pb_column][et_pb_column type=&#8220;1_5&#8243; _builder_version=&#8220;4.27.4&#8243; _module_preset=&#8220;default&#8220; custom_css_main_element=&#8220;    width: 18.3% !important;||    margin-right: 2.1% !important;&#8220; border_width_all=&#8220;1px&#8220; border_color_all=&#8220;#000000&#8243; global_colors_info=&#8220;{}&#8220;][et_pb_cta title=&#8220;Werbeausstattung&#8220; button_url=&#8220;https:\/\/xl-reklama.si\/de\/digitaldruck\/werbeausstattung\/&#8220; admin_label=&#8220;Ruler Blurbs &#8211; Ragnar &#8211; Call To Action &#8211; BG image: 296x480px&#8220; _builder_version=&#8220;4.27.4&#8243; _module_preset=&#8220;default&#8220; header_font=&#8220;Poppins|700|||||||&#8220; header_text_color=&#8220;#ffffff&#8220; header_font_size=&#8220;26px&#8220; header_line_height=&#8220;120%&#8220; body_font=&#8220;||||||||&#8220; body_text_color=&#8220;#ffffff&#8220; body_font_size=&#8220;16px&#8220; body_line_height=&#8220;165%&#8220; background_enable_color=&#8220;off&#8220; background_image=&#8220;https:\/\/xl-reklama.si\/wp-content\/uploads\/2025\/06\/BeacflagFeather_xl-reklame.si_.webp&#8220; background_position=&#8220;bottom_center&#8220; custom_button=&#8220;on&#8220; button_text_size=&#8220;0px&#8220; button_bg_color=&#8220;#ffffff&#8220; button_border_width=&#8220;0px&#8220; button_border_radius=&#8220;0px&#8220; button_custom_margin=&#8220;35px||||false|false&#8220; button_custom_padding=&#8220;0px|0px|0px|0px|false|false&#8220; custom_padding=&#8220;92px||93px||false|false&#8220; link_option_url=&#8220;https:\/\/xl-reklama.si\/de\/digitaldruck\/werbeausstattung\/&#8220; scroll_scaling=&#8220;0|50|50|100|0%|50%|100&#8243; hover_enabled=&#8220;0&#8243; header_font_size_tablet=&#8220;24px&#8220; header_font_size_phone=&#8220;22px&#8220; header_font_size_last_edited=&#8220;on|phone&#8220; custom_css_before=&#8220;content: %22%22;||display: block;||background-color: #25282a;||width: 100%;||height: 100%;||position: absolute;||left:0;||bottom: 0;||opacity: 0.8;||transition: 0.3s;||  z-index: 1;&#8220; custom_css_main_element=&#8220;position: relative;&#8220; custom_css_after=&#8220;content: %22%22;||display: block;||background-color: #fff;||width: 100%;||height: 0;||position: absolute;||left:0;||top: 0;||opacity: 1;||transition: 0.3s;||  z-index: 2;&#8220; custom_css_promo_description=&#8220;font-weight: 400;||transition: 0.4s;||  z-index: 3;&#8220; custom_css_promo_button=&#8220;height: 2px;||    width: 40px;||  z-index: 3;&#8220; custom_css_promo_title=&#8220;font-weight: 400;||padding-bottom: 27px;&#8220; locked=&#8220;off&#8220; global_colors_info=&#8220;{}&#8220; sticky_enabled=&#8220;0&#8243;]<\/p>\n<p>Ein Schl\u00fcsselelement jeder erfolgreichen Pr\u00e4sentation auf Veranstaltungen, Messen, in Gesch\u00e4ften oder im Freien.<\/p>\n<p>[\/et_pb_cta][\/et_pb_column][et_pb_column type=&#8220;1_5&#8243; _builder_version=&#8220;4.27.4&#8243; _module_preset=&#8220;default&#8220; custom_css_main_element=&#8220;    width: 18.3% !important;||    margin-right: 2.1% !important;&#8220; border_width_all=&#8220;1px&#8220; border_color_all=&#8220;#000000&#8243; global_colors_info=&#8220;{}&#8220;][et_pb_cta title=&#8220;Schilder und Banner&#8220; button_url=&#8220;https:\/\/xl-reklama.si\/de\/digitaldruck\/schilder-und-banner\/&#8220; admin_label=&#8220;Ruler Blurbs &#8211; Ragnar &#8211; Call To Action &#8211; BG image: 296x480px&#8220; _builder_version=&#8220;4.27.4&#8243; _module_preset=&#8220;default&#8220; header_font=&#8220;Poppins|700|||||||&#8220; header_text_color=&#8220;#ffffff&#8220; header_font_size=&#8220;26px&#8220; header_line_height=&#8220;120%&#8220; body_font=&#8220;||||||||&#8220; body_text_color=&#8220;#ffffff&#8220; body_font_size=&#8220;16px&#8220; body_line_height=&#8220;165%&#8220; background_enable_color=&#8220;off&#8220; background_image=&#8220;https:\/\/xl-reklama.si\/wp-content\/uploads\/2025\/06\/Tabla_xl-reklame.si_.webp&#8220; background_position=&#8220;bottom_center&#8220; custom_button=&#8220;on&#8220; button_text_size=&#8220;0px&#8220; button_bg_color=&#8220;#ffffff&#8220; button_border_width=&#8220;0px&#8220; button_border_radius=&#8220;0px&#8220; button_custom_margin=&#8220;35px||||false|false&#8220; button_custom_padding=&#8220;0px|0px|0px|0px|false|false&#8220; custom_padding=&#8220;92px||93px||false|false&#8220; link_option_url=&#8220;https:\/\/xl-reklama.si\/de\/digitaldruck\/schilder-und-banner\/&#8220; scroll_scaling=&#8220;0|50|50|100|0%|50%|100&#8243; hover_enabled=&#8220;0&#8243; header_font_size_tablet=&#8220;24px&#8220; header_font_size_phone=&#8220;22px&#8220; header_font_size_last_edited=&#8220;on|phone&#8220; custom_css_before=&#8220;content: %22%22;||display: block;||background-color: #25282a;||width: 100%;||height: 100%;||position: absolute;||left:0;||bottom: 0;||opacity: 0.8;||transition: 0.3s;||  z-index: 1;&#8220; custom_css_main_element=&#8220;position: relative;&#8220; custom_css_after=&#8220;content: %22%22;||display: block;||background-color: #fff;||width: 100%;||height: 0;||position: absolute;||left:0;||top: 0;||opacity: 1;||transition: 0.3s;||  z-index: 2;&#8220; custom_css_promo_description=&#8220;font-weight: 400;||transition: 0.4s;||  z-index: 3;&#8220; custom_css_promo_button=&#8220;height: 2px;||    width: 40px;||  z-index: 3;&#8220; custom_css_promo_title=&#8220;font-weight: 400;||padding-bottom: 27px;&#8220; locked=&#8220;off&#8220; global_colors_info=&#8220;{}&#8220; sticky_enabled=&#8220;0&#8243;]<\/p>\n<p>Schilder und Banner sind entscheidend f\u00fcr eine effektive Kommunikation bei \u00f6ffentlichen Veranstaltungen, Sportevents, Baustellen, Messen und Werbeaktionen.<\/p>\n<p>[\/et_pb_cta][\/et_pb_column][et_pb_column type=&#8220;1_5&#8243; _builder_version=&#8220;4.27.4&#8243; _module_preset=&#8220;default&#8220; custom_css_main_element=&#8220;    width: 18.3% !important;&#8220; border_width_all=&#8220;1px&#8220; border_color_all=&#8220;#000000&#8243; global_colors_info=&#8220;{}&#8220;][et_pb_cta title=&#8220;Plakate und klebenfolien&#8220; button_url=&#8220;https:\/\/xl-reklama.si\/de\/digitaldruck\/plakate-und-klebenfolien\/&#8220; admin_label=&#8220;Ruler Blurbs &#8211; Ragnar &#8211; Call To Action &#8211; BG image: 296x480px&#8220; _builder_version=&#8220;4.27.4&#8243; _module_preset=&#8220;default&#8220; header_font=&#8220;Poppins|700|||||||&#8220; header_text_color=&#8220;#ffffff&#8220; header_font_size=&#8220;26px&#8220; header_line_height=&#8220;120%&#8220; body_font=&#8220;||||||||&#8220; body_text_color=&#8220;#ffffff&#8220; body_font_size=&#8220;16px&#8220; body_line_height=&#8220;165%&#8220; background_enable_color=&#8220;off&#8220; background_image=&#8220;https:\/\/xl-reklama.si\/wp-content\/uploads\/2026\/03\/PLAKATI-folija.jpg&#8220; background_position=&#8220;bottom_center&#8220; custom_button=&#8220;on&#8220; button_text_size=&#8220;0px&#8220; button_bg_color=&#8220;#ffffff&#8220; button_border_width=&#8220;0px&#8220; button_border_radius=&#8220;0px&#8220; button_custom_margin=&#8220;35px||||false|false&#8220; button_custom_padding=&#8220;0px|0px|0px|0px|false|false&#8220; custom_padding=&#8220;92px||93px||false|false&#8220; link_option_url=&#8220;https:\/\/xl-reklama.si\/de\/digitaldruck\/plakate-und-klebenfolien\/&#8220; scroll_scaling=&#8220;0|50|50|100|0%|50%|100&#8243; hover_enabled=&#8220;0&#8243; header_font_size_tablet=&#8220;24px&#8220; header_font_size_phone=&#8220;22px&#8220; header_font_size_last_edited=&#8220;on|phone&#8220; custom_css_before=&#8220;content: %22%22;||display: block;||background-color: #25282a;||width: 100%;||height: 100%;||position: absolute;||left:0;||bottom: 0;||opacity: 0.8;||transition: 0.3s;||  z-index: 1;&#8220; custom_css_main_element=&#8220;position: relative;&#8220; custom_css_after=&#8220;content: %22%22;||display: block;||background-color: #fff;||width: 100%;||height: 0;||position: absolute;||left:0;||top: 0;||opacity: 1;||transition: 0.3s;||  z-index: 2;&#8220; custom_css_promo_description=&#8220;font-weight: 400;||transition: 0.4s;||  z-index: 3;&#8220; custom_css_promo_button=&#8220;height: 2px;||    width: 40px;||  z-index: 3;&#8220; custom_css_promo_title=&#8220;font-weight: 400;||padding-bottom: 27px;&#8220; locked=&#8220;off&#8220; global_colors_info=&#8220;{}&#8220; sticky_enabled=&#8220;0&#8243;]<\/p>\n<p>Wir fertigen hochwertige Plakate und selbstklebende Folien f\u00fcr den Innen- und Au\u00dfenbereich. Sie eignen sich f\u00fcr Werbung, Promotionen, Beschriftungen sowie f\u00fcr die visuelle Gestaltung von Gesch\u00e4fts- und Au\u00dfenfl\u00e4chen.<\/p>\n<p>[\/et_pb_cta][\/et_pb_column][\/et_pb_row][\/et_pb_section]<\/p>\n","protected":false},"excerpt":{"rendered":"<p>DigitaldruckUnser AngebotEine moderne und effiziente L\u00f6sung f\u00fcr die Anzeige digitaler Inhalte auf hohem Niveau.Die ideale L\u00f6sung f\u00fcr attraktive und professionelle Werbung.Ein Schl\u00fcsselelement jeder erfolgreichen Pr\u00e4sentation auf Veranstaltungen, Messen, in Gesch\u00e4ften oder im Freien.Schilder und Banner sind entscheidend f\u00fcr eine effektive Kommunikation bei \u00f6ffentlichen Veranstaltungen, Sportevents, Baustellen, Messen und Werbeaktionen.Wir fertigen hochwertige Plakate und selbstklebende Folien [&hellip;]<\/p>\n","protected":false},"author":1,"featured_media":0,"parent":0,"menu_order":0,"comment_status":"closed","ping_status":"closed","template":"","meta":{"_seopress_robots_primary_cat":"","_seopress_titles_title":"","_seopress_titles_desc":"","_seopress_robots_index":"","_et_pb_use_builder":"on","_et_pb_old_content":"","_et_gb_content_width":"","footnotes":""},"class_list":["post-499","page","type-page","status-publish","hentry"],"_links":{"self":[{"href":"https:\/\/xl-reklama.si\/de\/wp-json\/wp\/v2\/pages\/499","targetHints":{"allow":["GET"]}}],"collection":[{"href":"https:\/\/xl-reklama.si\/de\/wp-json\/wp\/v2\/pages"}],"about":[{"href":"https:\/\/xl-reklama.si\/de\/wp-json\/wp\/v2\/types\/page"}],"author":[{"embeddable":true,"href":"https:\/\/xl-reklama.si\/de\/wp-json\/wp\/v2\/users\/1"}],"replies":[{"embeddable":true,"href":"https:\/\/xl-reklama.si\/de\/wp-json\/wp\/v2\/comments?post=499"}],"version-history":[{"count":9,"href":"https:\/\/xl-reklama.si\/de\/wp-json\/wp\/v2\/pages\/499\/revisions"}],"predecessor-version":[{"id":397643,"href":"https:\/\/xl-reklama.si\/de\/wp-json\/wp\/v2\/pages\/499\/revisions\/397643"}],"wp:attachment":[{"href":"https:\/\/xl-reklama.si\/de\/wp-json\/wp\/v2\/media?parent=499"}],"curies":[{"name":"wp","href":"https:\/\/api.w.org\/{rel}","templated":true}]}}