{"id":479,"date":"2025-06-30T12:55:00","date_gmt":"2025-06-30T10:55:00","guid":{"rendered":"https:\/\/xl-reklama.si\/datenschutzpolitik\/"},"modified":"2025-07-08T14:02:50","modified_gmt":"2025-07-08T12:02:50","slug":"datenschutzpolitik","status":"publish","type":"page","link":"https:\/\/xl-reklama.si\/de\/datenschutzpolitik\/","title":{"rendered":"Datenschutzpolitik"},"content":{"rendered":"<p>[et_pb_section fb_built=&#8220;1&#8243; custom_padding_last_edited=&#8220;on|phone&#8220; admin_label=&#8220;Hero&#8220; _builder_version=&#8220;4.27.4&#8243; use_background_color_gradient=&#8220;on&#8220; background_color_gradient_direction=&#8220;115deg&#8220; background_color_gradient_stops=&#8220;#86a71f 0%|rgba(207,11,93,0.98) 50%|rgba(17,119,164,0.84) 100%&#8220; background_color_gradient_overlays_image=&#8220;on&#8220; background_color_gradient_start=&#8220;rgba(0,0,0,0.5)&#8220; background_color_gradient_end=&#8220;rgba(0,0,0,0)&#8220; background_image=&#8220;https:\/\/xl-reklama.si\/wp-content\/uploads\/2025\/06\/led-title.webp&#8220; custom_margin=&#8220;|||&#8220; custom_padding=&#8220;75px||106px|||&#8220; custom_padding_tablet=&#8220;&#8220; custom_padding_phone=&#8220;34px||68px||false|false&#8220; bottom_divider_style=&#8220;slant&#8220; bottom_divider_color=&#8220;#ffffff&#8220; bottom_divider_flip=&#8220;horizontal&#8220; bottom_divider_height_tablet=&#8220;&#8220; bottom_divider_height_phone=&#8220;50px&#8220; bottom_divider_height_last_edited=&#8220;on|phone&#8220; animation_direction=&#8220;top&#8220; da_disable_devices=&#8220;off|off|off&#8220; global_colors_info=&#8220;{}&#8220; theme_builder_area=&#8220;post_content&#8220; da_is_popup=&#8220;off&#8220; da_exit_intent=&#8220;off&#8220; da_has_close=&#8220;on&#8220; da_alt_close=&#8220;off&#8220; da_dark_close=&#8220;off&#8220; da_not_modal=&#8220;on&#8220; da_is_singular=&#8220;off&#8220; da_with_loader=&#8220;off&#8220; da_has_shadow=&#8220;on&#8220;][et_pb_row _builder_version=&#8220;4.16&#8243; background_size=&#8220;initial&#8220; background_position=&#8220;top_left&#8220; background_repeat=&#8220;repeat&#8220; custom_padding=&#8220;27px|0px|0px|0px&#8220; global_colors_info=&#8220;{}&#8220; theme_builder_area=&#8220;post_content&#8220;][et_pb_column type=&#8220;4_4&#8243; _builder_version=&#8220;4.16&#8243; custom_padding=&#8220;|||&#8220; global_colors_info=&#8220;{}&#8220; custom_padding__hover=&#8220;|||&#8220; theme_builder_area=&#8220;post_content&#8220;][et_pb_text admin_label=&#8220;Title&#8220; _builder_version=&#8220;4.27.4&#8243; text_font=&#8220;||||||||&#8220; header_font=&#8220;Poppins|600|||||||&#8220; header_font_size=&#8220;64px&#8220; background_layout=&#8220;dark&#8220; animation_style=&#8220;zoom&#8220; animation_direction=&#8220;left&#8220; animation_intensity_zoom=&#8220;10%&#8220; hover_enabled=&#8220;0&#8243; header_font_size_tablet=&#8220;52px&#8220; header_font_size_phone=&#8220;39px&#8220; header_font_size_last_edited=&#8220;on|phone&#8220; global_colors_info=&#8220;{}&#8220; theme_builder_area=&#8220;post_content&#8220; sticky_enabled=&#8220;0&#8243;]<\/p>\n<h1>Datenschutzpolitik<\/h1>\n<p>[\/et_pb_text][\/et_pb_column][\/et_pb_row][\/et_pb_section][et_pb_section fb_built=&#8220;1&#8243; theme_builder_area=&#8220;post_content&#8220; _builder_version=&#8220;4.27.4&#8243; _module_preset=&#8220;default&#8220; da_is_popup=&#8220;off&#8220; da_exit_intent=&#8220;off&#8220; da_has_close=&#8220;on&#8220; da_alt_close=&#8220;off&#8220; da_dark_close=&#8220;off&#8220; da_not_modal=&#8220;on&#8220; da_is_singular=&#8220;off&#8220; da_with_loader=&#8220;off&#8220; da_has_shadow=&#8220;on&#8220; da_disable_devices=&#8220;off|off|off&#8220;][et_pb_row _builder_version=&#8220;4.27.4&#8243; _module_preset=&#8220;default&#8220; theme_builder_area=&#8220;post_content&#8220;][et_pb_column _builder_version=&#8220;4.27.4&#8243; _module_preset=&#8220;default&#8220; type=&#8220;4_4&#8243; theme_builder_area=&#8220;post_content&#8220;][et_pb_text _builder_version=&#8220;4.27.4&#8243; _module_preset=&#8220;default&#8220; theme_builder_area=&#8220;post_content&#8220; hover_enabled=&#8220;0&#8243; sticky_enabled=&#8220;0&#8243;]<\/p>\n<h1>Datenschutzpolitik<\/h1>\n<p><\/p>\n<p>Auf unserer Website respektieren wir von Anfang an Ihre Privatsph\u00e4re und sch\u00fctzen Ihre Daten. Alle personenbezogenen Daten sind gem\u00e4\u00df dem geltenden Gesetz \u00fcber den Schutz von personenbezogenen Daten (ZVOP-2) und seit deren Inkrafttreten auch gem\u00e4\u00df der europ\u00e4ischen Datenschutz-Grundverordnung (DSGVO) gesch\u00fctzt. Wir verpflichten uns, die Vertraulichkeit Ihrer personenbezogenen Daten sowie die Privatsph\u00e4re der Nutzer der Website zu sichern. Gesammelte personenbezogene Daten werden ausschlie\u00dflich zur Erbringung der von uns angebotenen Leistungen genutzt. Wir respektieren die Vertraulichkeit von personenbezogenen Daten sowie die Privatsph\u00e4re der Nutzer der Website. Deshalb werden wir alles Notwendige unternehmen, um diese vor jeglichen Verletzungen und Missbr\u00e4uchen zu sch\u00fctzen. Die personenbezogenen Daten der Nutzer geh\u00f6ren zu dem Bereich, dem wir au\u00dferordentliche Aufmerksamkeit widmen, da wir uns der Sensibilit\u00e4t dieses Bereichs bewusst sind.<\/p>\n<p><\/p>\n<h1>Verwalter der personenbezogenen Daten und Kontaktdaten<\/h1>\n<p><\/p>\n<p>Diese Politik gilt f\u00fcr die Verarbeitung (Nutzung) aller personenbezogenen Daten, die von dem Unternehmen XL REKLAMA d.o.o. (Verwalter) oder im Namen des Verwalters durchgef\u00fchrt werden.<\/p>\n<p><\/p>\n<p>Angaben \u00fcber den Verwalter: <br \/>XL REKLAMA d.o.o. <br \/>Gori\u0161ka ulica 11 <br \/>2000 Maribor <br \/>USt-IdNr.: SI93429258 <br \/>Identifikationsnummer: 9531319000 <br \/>Telefon: + 386 51 311 978 <br \/>E-Mail: sandi@xl-reklama.si<\/p>\n<p><\/p>\n<h1>Welche personenbezogenen Daten von uns verarbeitet und gesammelt werden<\/h1>\n<p><\/p>\n<p>Allgemeine\u00a0Kontaktdaten (Angaben \u00fcber die Identit\u00e4t)<\/p>\n<p><\/p>\n<ul>\n<li>Vor- und Nachname, E-Mail-Adresse, Telefonnummer<\/li>\n<\/ul>\n<p><\/p>\n<p>Sonstige Daten<\/p>\n<p><\/p>\n<ul>\n<li>die der Nutzer freiwillig in das Kontaktformular eintr\u00e4gt<\/li>\n<\/ul>\n<p><\/p>\n<p>Technische Daten<\/p>\n<p><\/p>\n<ul>\n<li>Zur Gew\u00e4hrleistung der Sicherheit und zu Beweiszwecken werden auch die IP-Adresse, Daten \u00fcber das Betriebssystem, den Browser, den Standort Ihres Ger\u00e4ts, den Ger\u00e4tetyp, mit dem Sie auf unsere Website zugreifen, und \u00e4hnliches gesammelt.<\/li>\n<li>Bei einem Besuch sammeln wir durch Cookies und mit Ihrer Einwilligung auch Daten zur Gew\u00e4hrleistung einer besseren Funktionalit\u00e4t und Nutzererfahrung, zur Verbesserung der Sicherheit, zur Z\u00e4hlung der Nutzer der Website und zur Gew\u00e4hrleistung des st\u00f6rungsfreien Betriebs der Website. Dem jeweiligen Nutzer wird am Anfang des Besuchs zur Identifizierung und Verfolgung ein Session-Cookie zugeteilt. Die Website kann auf dem Computer des Nutzers auch andere Cookies speichern; hierzu geh\u00f6ren die ID-Nummer des Nutzers in chiffrierter Form (zur Wiedererkennung des Nutzers bei seinem n\u00e4chsten Besuch) und Cookies von Google Analytics (zur Analyse des Besuchs der Website). Session-Cookies werden auf dem Server nur f\u00fcr die Dauer des Besuchs gespeichert und werden nach einer Stunde Inaktivit\u00e4t gel\u00f6scht, dauerhafte Cookies hingegen werden bei Ihrer Einwilligung 2 Jahre auf dem Computer des Nutzers gespeichert und werden danach inaktiv.<\/li>\n<li>Wir \u00fcbernehmen keine Haftung f\u00fcr die Richtigkeit, Vollst\u00e4ndigkeit und Aktualit\u00e4t der von den Nutzern eingegebenen Daten.<\/li>\n<\/ul>\n<p><\/p>\n<h1>Rechtliche Grundlagen f\u00fcr die Verarbeitung personenbezogener Daten<\/h1>\n<p><\/p>\n<p>Ihre personenbezogenen Daten werden auf folgenden Rechtsgrundlagen erhoben und verarbeitet:<\/p>\n<p><\/p>\n<ul>\n<li>wenn dies zur Erf\u00fcllung unserer gesetzlichen Verpflichtungen (z.B. Ausstellung einer Proformarechnung oder einer Rechnung f\u00fcr bestellte Leistungen, zur F\u00fchrung von Finanz- und Gesch\u00e4ftsb\u00fcchern) notwendig ist, jedoch wird dies nur auf einem Gesch\u00e4ftscomputer und nicht auf der Website gespeichert<\/li>\n<li>wenn Sie zur Verarbeitung personenbezogener Daten Ihre Einwilligung f\u00fcr den jeweiligen Verarbeitungszweck (E-News) erteilt haben, wobei Sie immer das Recht haben, die erteilte Einwilligung zu widerrufen.<\/li>\n<li>Fragen, die Sie uns \u00fcber unsere Kontaktformulare auf der Website oder \u00fcber auf der Website ver\u00f6ffentlichte E-Mail-Adressen \u00fcbermitteln, werden ausschlie\u00dflich zur Behebung des Problems oder zur Beantwortung der Frage verwendet<\/li>\n<\/ul>\n<p><\/p>\n<h1>Zweck der Verarbeitung personenbezogener Daten<\/h1>\n<p><\/p>\n<p>Wenn Sie uns Anfragen und Anmerkungen \u00fcbermitteln oder \u00fcber das Kontaktformular Fragen schicken und Ihre Daten dort eintragen, m\u00fcssen Sie ausdr\u00fccklich Ihr Einverst\u00e4ndnis und Ihre Kenntnisnahme best\u00e4tigen, dass Ihre Daten (Vor- und Nachname sowie E-Mail-Adresse) zum Zweck einer korrekten Kommunikation gespeichert werden. Ihre personenbezogenen Daten k\u00f6nnen wir f\u00fcr einen oder mehrere der aufgef\u00fchrten Zwecke verwenden:<\/p>\n<p><\/p>\n<ul>\n<li>zur Kommunikation mit Ihnen bez\u00fcglich der Gew\u00e4hrleistung unserer Dienstleistungen und zur Beantwortung Ihrer Fragen und Bestellungen<\/li>\n<li>zur Geltendmachung von rechtlichen Anspr\u00fcchen und zur Streitbeilegung<\/li>\n<li>f\u00fcr statistische Analysen \u00fcber die Nutzung unserer Website<\/li>\n<\/ul>\n<p><\/p>\n<h1>Wie wir personenbezogene Daten erhalten<\/h1>\n<p><\/p>\n<p>Daten \u00fcber Sie erhalten wir in verschiedener Form:<\/p>\n<p><\/p>\n<ul>\n<li>wenn Sie uns eine Anfrage senden<\/li>\n<\/ul>\n<p><\/p>\n<p>Technische Daten erhalten wir automatisch. Google \u00fcbermittelt uns Daten, bez\u00fcglich derer Sie Google Ihre Einwilligung erteilt haben.<\/p>\n<p><\/p>\n<h1>Wer Zugang hat zu Ihren personenbezogenen Daten<\/h1>\n<p><\/p>\n<p>Zugang zu Ihren personenbezogenen Daten haben ausschlie\u00dflich wir. Dies gilt nicht in dem Fall:<\/p>\n<p><\/p>\n<ul>\n<li>wenn bevollm\u00e4chtigte Institutionen (Gerichte u. \u00e4.) dies im Einklang mit gesetzlichen Vorschriften verlangen<\/li>\n<li>mit Ihrer Einwilligung \u00fcbermitteln wir mithilfe von Cookies die Daten an Google Analytics<\/li>\n<li>die Daten werden in keinem Fall an unbefugte Dritte weitergeleitet<\/li>\n<\/ul>\n<p><\/p>\n<h1>Aufbewahrungsfristen von personenbezogenen Daten<\/h1>\n<p><\/p>\n<p>Ihre personenbezogenen Daten werden wir in dem Umfang aufbewahren und verarbeiten, wie dies f\u00fcr die Verwirklichung des Verarbeitungszwecks und f\u00fcr den Abschluss der bestellten Leistungen notwendig ist; danach gem\u00e4\u00df den Verj\u00e4hrungsfristen f\u00fcr Verpflichtungen, die aus der Verarbeitung dieser personenbezogenen Daten entstehen k\u00f6nnen, insbesondere wenn die Verarbeitung personenbezogener Daten im Rahmen des Abschlusses bzw. der Durchf\u00fchrung eines Vertrages notwendig ist. Auf Grundlage einer Einwilligung erhaltene Daten werden bis zum Widerruf der Einwilligung aufbewahrt. In F\u00e4llen, in denen die Aufbewahrungsfrist von personenbezogenen Daten gesetzlich vorgeschrieben ist, bewahren wir die Daten gem\u00e4\u00df der gesetzlichen Norm auf.<\/p>\n<p><\/p>\n<h1>Gew\u00e4hrleistung der Sicherheit<\/h1>\n<p><\/p>\n<p>Auf unserer Website verwenden wir mehrere Sicherheits- und Schutzsysteme, die einen entsprechenden Schutz vor Verlust, Offenlegung, unerw\u00fcnschter \u00c4nderung oder Missbrauch von Daten gew\u00e4hrleisten. Zur \u00dcbertragung aller personenbezogenen Daten verwenden wir die SSL-Technologie (Secure Socket Layer), was den notwendigen Schutz bei der Daten\u00fcbertragung erm\u00f6glicht, wodurch die Datensicherheit unserer Kunden gew\u00e4hrleistet ist. Nur hierzu befugte Personen (Mitarbeiter und Vertragspartner) haben Zugang zu gesammelten personenbezogenen Daten. Bitte helfen Sie uns beim Schutz Ihrer personenbezogenen Daten, indem Sie auch selbst f\u00fcr die Sicherheit Ihres Nutzernamens und Passwortes sorgen.<\/p>\n<p><\/p>\n<h1>Cookies<\/h1>\n<p><\/p>\n<p>Cookies sind Textdateien, die von der Website an Ihren Browser geschickt werden; sie enthalten keinerlei Daten, mit denen Ihre Identit\u00e4t festgestellt werden k\u00f6nnte. Hierdurch erh\u00e4lt der Server die Information, dass Sie auf die Website zur\u00fcckgekehrt sind, wodurch die Website an den Nutzer angepasst werden kann. Wenn Sie keine Cookies auf Ihrem Computer w\u00fcnschen, vergessen Sie bitte nicht, dass die Speicherung von Cookies unter der vollst\u00e4ndigen Kontrolle Ihres Browsers steht. Mit der Auswahl der entsprechenden Optionen in Ihrem Browser k\u00f6nnen Sie die Speicherung von Cookies jederzeit beliebig einschr\u00e4nken oder unterbinden. Sie k\u00f6nnen auf Ihrem Ger\u00e4t gespeicherte Cookies jederzeit dauerhaft l\u00f6schen.<\/p>\n<p><\/p>\n<h1>Google Fonts<\/h1>\n<p><\/p>\n<p>Auf unserer Website verwenden wir Google Fonts des Unternehmens Google (1600 Amphitheater Parkway Mountain View, CA 94043, USA). Google Fonts werden ohne \u00dcberpr\u00fcfung der Echtheit genutzt und an den Browser API Google Fonts werden keine Cookies \u00fcbermittelt. Falls Sie ein Google-Konto haben, werden bei der Nutzung von Google Fonts keine Daten an Google \u00fcbermittelt. Google zeichnet nur die Nutzung von CSS und der verwendeten Schriftarten auf und speichert diese Daten auf sichere Weise. Mehr hier\u00fcber und \u00fcber andere Fragen finden Sie unter https:\/\/developers.google.com\/fonts\/faq. Welche Daten Google sammelt und wie diese genutzt werden, finden Sie unter: https:\/\/policies.google.com\/privacy?hl=sl.<\/p>\n<p><\/p>\n<h1>Ihre Rechte<\/h1>\n<p><\/p>\n<p>Unseren Kunden und Nutzern gew\u00e4hrleisten wir jede Unterst\u00fctzung bei der Geltendmachung von Rechten, die im Folgenden aufgef\u00fchrt werden: auf dieser Seite informieren wir Sie zur G\u00e4nze, wie Ihre personenbezogenen Daten verwendet werden in bestimmten F\u00e4llen k\u00f6nnen Sie auch das Recht auf L\u00f6schung Ihrer personenbezogenen Daten geltend machen; Wenn Sie bei uns etwas gekauft bzw. bestellt haben beachten Sie bitte, dass wir gem\u00e4\u00df den gesetzlichen Vorschriften Ihre Daten aufbewahren m\u00fcssen in bestimmten F\u00e4llen k\u00f6nnen Sie ein zeitlich befristetes oder dauerhaftes Verbot der weiteren teilweisen oder kompletten Verarbeitung Ihrer personenbezogenen Daten verlangen Auf Ihre Aufforderung werden wir Ihre personenbezogenen Daten in gesammelter elektronischer Form \u00fcbermitteln Sie haben sowohl Anspruch auf Information \u00fcber Ihre uns zur Verf\u00fcgung stehenden personenbezogenen Daten als auch auf das Recht zur L\u00f6schung dieser Daten. Wenn Sie Fragen bez\u00fcglich der L\u00f6schung, Verarbeitung oder Nutzung Ihrer Daten haben, dann schicken Sie uns bitte eine E-Mail oder schicken eine Aufforderung an unsere Adresse. Auf Ihre Aufforderung, mit der Sie Ihre Rechte in Bezug auf personenbezogene Daten geltend machen, haben wir ohne unn\u00f6tige Verz\u00f6gerung und sp\u00e4testens innerhalb eines Monats nach Erhalt der Aufforderung zu antworten. Jede \u00c4nderung unserer Datenschutzpolitik wird auf dieser Website ver\u00f6ffentlicht.<\/p>\n<p>[\/et_pb_text][\/et_pb_column][\/et_pb_row][\/et_pb_section]<\/p>\n","protected":false},"excerpt":{"rendered":"<p>DatenschutzpolitikDatenschutzpolitikAuf unserer Website respektieren wir von Anfang an Ihre Privatsph\u00e4re und sch\u00fctzen Ihre Daten. Alle personenbezogenen Daten sind gem\u00e4\u00df dem geltenden Gesetz \u00fcber den Schutz von personenbezogenen Daten (ZVOP-2) und seit deren Inkrafttreten auch gem\u00e4\u00df der europ\u00e4ischen Datenschutz-Grundverordnung (DSGVO) gesch\u00fctzt. Wir verpflichten uns, die Vertraulichkeit Ihrer personenbezogenen Daten sowie die Privatsph\u00e4re der Nutzer der Website [&hellip;]<\/p>\n","protected":false},"author":1,"featured_media":0,"parent":0,"menu_order":0,"comment_status":"closed","ping_status":"open","template":"","meta":{"_seopress_robots_primary_cat":"","_seopress_titles_title":"","_seopress_titles_desc":"","_seopress_robots_index":"","_et_pb_use_builder":"on","_et_pb_old_content":"","_et_gb_content_width":"","footnotes":""},"class_list":["post-479","page","type-page","status-publish","hentry"],"_links":{"self":[{"href":"https:\/\/xl-reklama.si\/de\/wp-json\/wp\/v2\/pages\/479","targetHints":{"allow":["GET"]}}],"collection":[{"href":"https:\/\/xl-reklama.si\/de\/wp-json\/wp\/v2\/pages"}],"about":[{"href":"https:\/\/xl-reklama.si\/de\/wp-json\/wp\/v2\/types\/page"}],"author":[{"embeddable":true,"href":"https:\/\/xl-reklama.si\/de\/wp-json\/wp\/v2\/users\/1"}],"replies":[{"embeddable":true,"href":"https:\/\/xl-reklama.si\/de\/wp-json\/wp\/v2\/comments?post=479"}],"version-history":[{"count":2,"href":"https:\/\/xl-reklama.si\/de\/wp-json\/wp\/v2\/pages\/479\/revisions"}],"predecessor-version":[{"id":481,"href":"https:\/\/xl-reklama.si\/de\/wp-json\/wp\/v2\/pages\/479\/revisions\/481"}],"wp:attachment":[{"href":"https:\/\/xl-reklama.si\/de\/wp-json\/wp\/v2\/media?parent=479"}],"curies":[{"name":"wp","href":"https:\/\/api.w.org\/{rel}","templated":true}]}}