{"id":462,"date":"2025-06-30T12:55:00","date_gmt":"2025-06-30T10:55:00","guid":{"rendered":"https:\/\/xl-reklama.si\/startseite\/"},"modified":"2026-03-04T14:29:06","modified_gmt":"2026-03-04T13:29:06","slug":"startseite","status":"publish","type":"page","link":"https:\/\/xl-reklama.si\/de\/","title":{"rendered":"Startseite"},"content":{"rendered":"<p>[et_pb_section fb_built=&#8220;1&#8243; fullwidth=&#8220;on&#8220; admin_label=&#8220;Section&#8220; _builder_version=&#8220;4.27.4&#8243; _module_preset=&#8220;default&#8220; z_index=&#8220;317&#8243; da_disable_devices=&#8220;off|off|off&#8220; global_colors_info=&#8220;{}&#8220; da_is_popup=&#8220;off&#8220; da_exit_intent=&#8220;off&#8220; da_has_close=&#8220;on&#8220; da_alt_close=&#8220;off&#8220; da_dark_close=&#8220;off&#8220; da_not_modal=&#8220;on&#8220; da_is_singular=&#8220;off&#8220; da_with_loader=&#8220;off&#8220; da_has_shadow=&#8220;on&#8220;][et_pb_fullwidth_code _builder_version=&#8220;4.27.4&#8243; _module_preset=&#8220;default&#8220; global_colors_info=&#8220;{}&#8220;]\n\t\t\t\t<p class=\"rs-p-wp-fix\"><\/p>\n\t\t\t\t<sr7-module data-alias=\"home-1-de\" data-id=\"3\" id=\"SR7_3_1\" class=\"rs-ov-hidden\" data-version=\"6.7.18\">\n\t\t\t\t\t<sr7-adjuster><\/sr7-adjuster>\n\t\t\t\t\t<sr7-content>\n\t\t\t\t\t\t<sr7-slide id=\"SR7_3_1-13\" data-key=\"13\">\n\t\t\t\t\t\t\t<sr7-txt id=\"SR7_3_1-13-3\" class=\"sr7-layer\">Ihr Partner F\u00fcr Erstklassige Werbe- Und Promotionausstattung<\/sr7-txt>\n\t\t\t\t\t\t<\/sr7-slide>\n\t\t\t\t\t\t<sr7-slide id=\"SR7_3_1-10\" data-key=\"10\">\n\t\t\t\t\t\t<\/sr7-slide>\n\t\t\t\t\t<\/sr7-content>\n\t\t\t\t<\/sr7-module>\n\t\t\t\t<script>\n\t\t\t\t\tSR7.PMH ??={}; SR7.PMH[\"SR7_3_1\"] = {cn:0,state:false,fn: function() { if (_tpt!==undefined && _tpt.prepareModuleHeight !== undefined) {  _tpt.prepareModuleHeight({id:\"SR7_3_1\",el:[700,700,767,960,720],type:'standard',shdw:'0',gh:[700,700,700,400,400],gw:[1240,1240,1024,778,480],vpt:['100px&#039;,&#039;100px&#039;,&#039;100px&#039;,&#039;100px&#039;,&#039;100px'],size:{fullWidth:true, fullHeight:false},mh:'0',onh:0,onw:0,bg:{color:'{\"type\":\"solid\",\"orig\":\"#1a1a1a\",\"string\":\"rgba(26, 26, 26, 1)\"}'}});   SR7.PMH[\"SR7_3_1\"].state=true;} else if((SR7.PMH[\"SR7_3_1\"].cn++)<100)\tsetTimeout( SR7.PMH[\"SR7_3_1\"].fn,19);}};SR7.PMH[\"SR7_3_1\" ].fn();\n\t\t\t\t<\/script>\n[\/et_pb_fullwidth_code][\/et_pb_section][et_pb_section fb_built=&#8220;1&#8243; custom_padding_last_edited=&#8220;on|desktop&#8220; admin_label=&#8220;BBlurb V16 &#8211; Barbra&#8220; module_id=&#8220;v16&#8243; module_class=&#8220;barbra_blurb_16&#8243; _builder_version=&#8220;4.27.4&#8243; _module_preset=&#8220;default&#8220; background_enable_color=&#8220;off&#8220; overflow-x=&#8220;hidden&#8220; overflow-y=&#8220;hidden&#8220; custom_padding=&#8220;14px||14px||true|false&#8220; custom_padding_tablet=&#8220;100px||100px||true|false&#8220; custom_padding_phone=&#8220;60px||60px||true|false&#8220; custom_css_before=&#8220;content: %22%22;||    display: block;||    background-color: #fa7e12;||    width: 500px;||    height: 500px;||    border-radius: 50%;||    position: absolute;||    left: -200px;||    bottom: 30px;||    opacity: 0.13;||    filter: blur(50px);&#8220; custom_css_main_element=&#8220;counter-reset: section;&#8220; custom_css_after=&#8220;content: %22%22;||    display: block;||    background-color: #1177a4;||    width: 630px;||    height: 630px;||    border-radius: 50%;||    position: absolute;||    right: -130px;||    top: 30px;||    opacity: 0.13;||    filter: blur(50px);&#8220; custom_css_free_form=&#8220;.barbra_blurb_16 .et_pb_row:last-child .et_pb_column_1_3 {||    margin-bottom: 0 !important;||  }||.barbra_blurb_16 .et_pb_blurb .et_pb_main_blurb_image,||.barbra_blurb_16 .et_pb_blurb .et_pb_main_blurb_image img{||width:100%;||transition:.3s;||transform-origin:top left;||}||.barbra_blurb_16 .et_pb_blurb:hover .et_pb_main_blurb_image img{||  transform:scale(1.1);||}||||.barbra_blurb_16 .et_pb_blurb:hover .et_pb_main_blurb_image:before{||  transform:scale(1.2);||}||.barbra_blurb_16 .et_pb_blurb .et_pb_blurb_container{||  position:relative;||  padding:0px 0 10px 8%;||}||.barbra_blurb_16 .et_pb_blurb .et_pb_blurb_container:before{||  content:&#8220;;||  display:block;||  width:2px;||  height:100%;||  background:#fff;||  opacity:0.2;||  position:absolute;||  left:0;||  top:0;||  transition:.3s;||}||.barbra_blurb_16 .et_pb_blurb:hover .et_pb_blurb_container:before{||  height:32%;||}||@media only screen and (max-width: 980px) {||  .barbra_blurb_16 .et_pb_row:last-child .et_pb_column_1_3:last-child {||    margin-right: 0 !important;||  }||  .barbra_blurb_16 .et_pb_row:last-child .et_pb_column_1_3 {||    width: 32% !important;||    margin-right: 2% !important;||  }||  .barbra_blurb_16 .et_pb_blurb .et_pb_main_blurb_image:before{||    font-size: 20px;||  }||}||@media only screen and (max-width: 767px) {||  .barbra_blurb_16 .et_pb_row:last-child .et_pb_column_1_3 {||    width: 100% !important;||    margin-right: 0 !important;||  }||    .barbra_blurb_16 .et_pb_blurb .et_pb_main_blurb_image:before{||    font-size: 18px;||  }||  .barbra_blurb_16 .et_pb_row:last-child .et_pb_column_1_3 {||    margin-bottom: 30px !important;||  }|| .barbra_blurb_16 .et_pb_blurb .et_pb_main_blurb_image{||    margin-bottom:20px;||  }||}&#8220; da_popup_slug=&#8220;v16&#8243; da_disable_devices=&#8220;off|off|off&#8220; collapsed=&#8220;off&#8220; global_colors_info=&#8220;{}&#8220; da_is_popup=&#8220;off&#8220; da_exit_intent=&#8220;off&#8220; da_has_close=&#8220;on&#8220; da_alt_close=&#8220;off&#8220; da_dark_close=&#8220;off&#8220; da_not_modal=&#8220;on&#8220; da_is_singular=&#8220;off&#8220; da_with_loader=&#8220;off&#8220; da_has_shadow=&#8220;on&#8220;][et_pb_row module_id=&#8220;o-nas&#8220; _builder_version=&#8220;4.27.4&#8243; _module_preset=&#8220;default&#8220; custom_padding=&#8220;95px||35px|||&#8220; global_colors_info=&#8220;{}&#8220;][et_pb_column type=&#8220;4_4&#8243; module_class=&#8220;btn-inline&#8220; _builder_version=&#8220;4.20.0&#8243; _module_preset=&#8220;default&#8220; global_colors_info=&#8220;{}&#8220;][et_pb_text _builder_version=&#8220;4.27.4&#8243; _module_preset=&#8220;default&#8220; header_2_font=&#8220;|700|||||||&#8220; header_2_text_align=&#8220;center&#8220; header_2_font_size=&#8220;30px&#8220; header_2_line_height=&#8220;1.2em&#8220; custom_margin=&#8220;||9px||false|false&#8220; animation_direction=&#8220;right&#8220; header_2_font_size_tablet=&#8220;25px&#8220; header_2_font_size_phone=&#8220;20px&#8220; header_2_font_size_last_edited=&#8220;on|phone&#8220; global_colors_info=&#8220;{}&#8220;]<\/p>\n<h2>\u00dcber uns<\/h2>\n<p>[\/et_pb_text][et_pb_divider color=&#8220;#FA7E12&#8243; divider_weight=&#8220;3px&#8220; _builder_version=&#8220;4.27.4&#8243; _module_preset=&#8220;default&#8220; background_color=&#8220;#EEEEEE&#8220; z_index=&#8220;50&#8243; width=&#8220;150px&#8220; width_tablet=&#8220;100px&#8220; width_phone=&#8220;101px&#8220; width_last_edited=&#8220;on|phone&#8220; module_alignment=&#8220;center&#8220; max_height=&#8220;1px&#8220; custom_margin=&#8220;0px||0px||false|false&#8220; custom_padding=&#8220;0px||0px||false|false&#8220; animation_style=&#8220;slide&#8220; animation_intensity_slide=&#8220;32%&#8220; global_colors_info=&#8220;{}&#8220;][\/et_pb_divider][et_pb_divider color=&#8220;#d1d1d1&#8243; divider_weight=&#8220;1px&#8220; _builder_version=&#8220;4.22.0&#8243; _module_preset=&#8220;default&#8220; width=&#8220;800px&#8220; width_tablet=&#8220;90%&#8220; width_phone=&#8220;80%&#8220; width_last_edited=&#8220;on|phone&#8220; module_alignment=&#8220;center&#8220; custom_margin=&#8220;||4px||false|false&#8220; custom_padding=&#8220;||0px||false|false&#8220; animation_direction=&#8220;right&#8220; global_colors_info=&#8220;{}&#8220;][\/et_pb_divider][et_pb_text _builder_version=&#8220;4.27.4&#8243; _module_preset=&#8220;default&#8220; text_font_size=&#8220;16px&#8220; text_line_height=&#8220;1.9em&#8220; header_font=&#8220;||||||||&#8220; header_2_font=&#8220;Poppins|700|||||||&#8220; header_2_font_size=&#8220;30px&#8220; header_2_line_height=&#8220;1.2em&#8220; header_6_font=&#8220;||||||||&#8220; text_orientation=&#8220;center&#8220; width=&#8220;800px&#8220; width_tablet=&#8220;90%&#8220; width_phone=&#8220;90%&#8220; width_last_edited=&#8220;on|phone&#8220; module_alignment=&#8220;center&#8220; custom_margin=&#8220;||6px||false|false&#8220; custom_padding=&#8220;|||&#8220; header_2_font_size_tablet=&#8220;25px&#8220; header_2_font_size_phone=&#8220;20px&#8220; header_2_font_size_last_edited=&#8220;on|phone&#8220; global_colors_info=&#8220;{}&#8220;]<\/p>\n<p>Willkommen! Wir sind ein spezialisiertes Unternehmen f\u00fcr den Verkauf von Werbe- und Promotionausstattung, das daf\u00fcr sorgt, dass Ihre Marke optimal zur Geltung kommt. Wir bieten umfassende L\u00f6sungen im Bereich Digital- und Gro\u00dfformatdruck.<\/p>\n<p>[\/et_pb_text][\/et_pb_column][\/et_pb_row][et_pb_row column_structure=&#8220;1_2,1_2&#8243; admin_label=&#8220;BBlurb V16 &#8211; Barbra &#8211; Row&#8220; _builder_version=&#8220;4.27.4&#8243; _module_preset=&#8220;default&#8220; width=&#8220;90%&#8220; max_width=&#8220;1170px&#8220; global_colors_info=&#8220;{}&#8220;][et_pb_column type=&#8220;1_2&#8243; _builder_version=&#8220;4.27.4&#8243; _module_preset=&#8220;default&#8220; global_colors_info=&#8220;{}&#8220;][et_pb_blurb title=&#8220;AUSSENWERBUNG&#8220; image=&#8220;https:\/\/xl-reklama.si\/wp-content\/uploads\/2026\/03\/ZUNANJE-OGLASEVANJE-home.webp&#8220; content_max_width=&#8220;100%&#8220; admin_label=&#8220;BBlurb V16 &#8211; Barbra &#8211; Blurb &#8211; Image size: 800x762px&#8220; _builder_version=&#8220;4.27.4&#8243; _module_preset=&#8220;default&#8220; header_font=&#8220;&#8211;et_global_heading_font|700|||||||&#8220; header_text_color=&#8220;#000000&#8243; header_font_size=&#8220;20px&#8220; header_line_height=&#8220;120%&#8220; body_font=&#8220;||||||||&#8220; body_text_color=&#8220;#444444&#8243; body_line_height=&#8220;150%&#8220; animation=&#8220;off&#8220; header_font_size_tablet=&#8220;18px&#8220; header_font_size_phone=&#8220;18px&#8220; header_font_size_last_edited=&#8220;on|phone&#8220; custom_css_blurb_image=&#8220;position:relative;&#8220; custom_css_blurb_content=&#8220;font-weight:400;&#8220; border_radii_image=&#8220;on|30px|30px|30px|30px&#8220; global_colors_info=&#8220;{}&#8220;]<\/p>\n<p>Wir bieten L\u00f6sungen f\u00fcr Au\u00dfenwerbung an, die f\u00fcr langfristige oder kurzfristige Promotion auf verschiedenen Werbetr\u00e4gern geeignet sind.<\/p>\n<p>[\/et_pb_blurb][\/et_pb_column][et_pb_column type=&#8220;1_2&#8243; _builder_version=&#8220;4.27.5&#8243; _module_preset=&#8220;default&#8220; global_colors_info=&#8220;{}&#8220;][et_pb_blurb title=&#8220;DIGITALDRUCK&#8220; image=&#8220;https:\/\/xl-reklama.si\/wp-content\/uploads\/2026\/03\/DIGITALNI-TISK-home.webp&#8220; content_max_width=&#8220;100%&#8220; admin_label=&#8220;BBlurb V16 &#8211; Barbra &#8211; Blurb &#8211; Image size: 800x762px&#8220; _builder_version=&#8220;4.27.4&#8243; _module_preset=&#8220;default&#8220; header_font=&#8220;&#8211;et_global_heading_font|700|||||||&#8220; header_text_color=&#8220;#000000&#8243; header_font_size=&#8220;20px&#8220; header_line_height=&#8220;120%&#8220; body_font=&#8220;||||||||&#8220; body_text_color=&#8220;#444444&#8243; body_line_height=&#8220;150%&#8220; animation=&#8220;off&#8220; link_option_url=&#8220;https:\/\/xl-reklama.si\/de\/digitaldruck\/&#8220; hover_enabled=&#8220;0&#8243; header_font_size_tablet=&#8220;18px&#8220; header_font_size_phone=&#8220;18px&#8220; header_font_size_last_edited=&#8220;on|phone&#8220; custom_css_blurb_image=&#8220;position:relative;&#8220; custom_css_blurb_content=&#8220;font-weight:400;&#8220; border_radii_image=&#8220;on|30px|30px|30px|30px&#8220; global_colors_info=&#8220;{}&#8220; sticky_enabled=&#8220;0&#8243;]<\/p>\n<p>Wir bieten hochwertigen Digitaldruck f\u00fcr den Innen- und Au\u00dfenbereich, geeignet f\u00fcr Werbung, Information und Beschilderung. Mit moderner Drucktechnologie gew\u00e4hrleisten wir pr\u00e4zise Farben, scharfe Details und langlebige Materialien, die auch anspruchsvolleren Bedingungen standhalten.<\/p>\n<p>[\/et_pb_blurb][\/et_pb_column][\/et_pb_row][et_pb_row _builder_version=&#8220;4.27.5&#8243; _module_preset=&#8220;default&#8220; global_colors_info=&#8220;{}&#8220;][et_pb_column type=&#8220;4_4&#8243; _builder_version=&#8220;4.27.5&#8243; _module_preset=&#8220;default&#8220; global_colors_info=&#8220;{}&#8220;][et_pb_code _builder_version=&#8220;4.27.4&#8243; _module_preset=&#8220;default&#8220; global_colors_info=&#8220;{}&#8220;]<pee>\n<style><!-- [et_pb_line_break_holder] -->   .barbra_blurb_16 .et_pb_blurb .et_pb_blurb_container:before {<!-- [et_pb_line_break_holder] -->background: #1177a4 !important;<!-- [et_pb_line_break_holder] -->opacity: 0.9 !important;<!-- [et_pb_line_break_holder] -->}<!-- [et_pb_line_break_holder] --><!-- [et_pb_line_break_holder] --><\/style>\n<\/pee>[\/et_pb_code][\/et_pb_column][\/et_pb_row][\/et_pb_section][et_pb_section fb_built=&#8220;1&#8243; fullwidth=&#8220;on&#8220; admin_label=&#8220;Section&#8220; _builder_version=&#8220;4.27.4&#8243; _module_preset=&#8220;default&#8220; z_index=&#8220;208&#8243; da_disable_devices=&#8220;off|off|off&#8220; global_colors_info=&#8220;{}&#8220; da_is_popup=&#8220;off&#8220; da_exit_intent=&#8220;off&#8220; da_has_close=&#8220;on&#8220; da_alt_close=&#8220;off&#8220; da_dark_close=&#8220;off&#8220; da_not_modal=&#8220;on&#8220; da_is_singular=&#8220;off&#8220; da_with_loader=&#8220;off&#8220; da_has_shadow=&#8220;on&#8220;][et_pb_fullwidth_code _builder_version=&#8220;4.27.4&#8243; _module_preset=&#8220;default&#8220; global_colors_info=&#8220;{}&#8220;]\n\t\t\t\t<p class=\"rs-p-wp-fix\"><\/p>\n\t\t\t\t<sr7-module data-alias=\"home-2-de\" data-id=\"4\" id=\"SR7_4_2\" class=\"rs-ov-hidden\" data-version=\"6.7.18\">\n\t\t\t\t\t<sr7-adjuster><\/sr7-adjuster>\n\t\t\t\t\t<sr7-content>\n\t\t\t\t\t\t<sr7-slide id=\"SR7_4_2-14\" data-key=\"14\">\n\t\t\t\t\t\t\t<sr7-txt id=\"SR7_4_2-14-3\" class=\"sr7-layer\">Egal ob Sie einen \u00fcberzeugenden Auftritt auf einer Messe oder auff\u00e4llige Werbung in Ihrem Gesch\u00e4ftsraum ben\u00f6tigen \u2013 wir stehen Ihnen mit Rat und Tat zur Seite: von der Beratung und grafischen Gestaltung bis zur finalen Umsetzung.<\/sr7-txt>\n\t\t\t\t\t\t<\/sr7-slide>\n\t\t\t\t\t\t<sr7-slide id=\"SR7_4_2-12\" data-key=\"12\">\n\t\t\t\t\t\t<\/sr7-slide>\n\t\t\t\t\t<\/sr7-content>\n\t\t\t\t<\/sr7-module>\n\t\t\t\t<script>\n\t\t\t\t\tSR7.PMH ??={}; SR7.PMH[\"SR7_4_2\"] = {cn:0,state:false,fn: function() { if (_tpt!==undefined && _tpt.prepareModuleHeight !== undefined) {  _tpt.prepareModuleHeight({id:\"SR7_4_2\",el:[700,700,700,400,400],type:'standard',shdw:'0',gh:[700,700,700,400,400],gw:[1240,1240,1024,778,480],vpt:['100px&#039;,&#039;100px&#039;,&#039;100px&#039;,&#039;100px&#039;,&#039;100px'],size:{fullWidth:true, fullHeight:false},mh:'0',onh:0,onw:0,bg:{color:'{\"type\":\"solid\",\"orig\":\"#1a1a1a\",\"string\":\"rgba(26, 26, 26, 1)\"}'}});   SR7.PMH[\"SR7_4_2\"].state=true;} else if((SR7.PMH[\"SR7_4_2\"].cn++)<100)\tsetTimeout( SR7.PMH[\"SR7_4_2\"].fn,19);}};SR7.PMH[\"SR7_4_2\" ].fn();\n\t\t\t\t<\/script>\n[\/et_pb_fullwidth_code][\/et_pb_section][et_pb_section fb_built=&#8220;1&#8243; custom_padding_last_edited=&#8220;off|desktop&#8220; admin_label=&#8220;Blown Over Blurbs &#8211; Freddie&#8220; module_class=&#8220;freddie_blown_over_blurbs&#8220; _builder_version=&#8220;4.27.4&#8243; _module_preset=&#8220;default&#8220; z_index=&#8220;457&#8243; custom_padding=&#8220;17px||17px||true|false&#8220; custom_padding_tablet=&#8220;40px||40px||false|false&#8220; da_disable_devices=&#8220;off|off|off&#8220; global_colors_info=&#8220;{}&#8220; da_is_popup=&#8220;off&#8220; da_exit_intent=&#8220;off&#8220; da_has_close=&#8220;on&#8220; da_alt_close=&#8220;off&#8220; da_dark_close=&#8220;off&#8220; da_not_modal=&#8220;on&#8220; da_is_singular=&#8220;off&#8220; da_with_loader=&#8220;off&#8220; da_has_shadow=&#8220;on&#8220;][et_pb_row column_structure=&#8220;1_3,1_3,1_3&#8243; use_custom_gutter=&#8220;on&#8220; gutter_width=&#8220;2&#8243; make_equal=&#8220;on&#8220; custom_padding_last_edited=&#8220;on|tablet&#8220; admin_label=&#8220;Blown Over Blurbs &#8211; Freddie &#8211; Row&#8220; _builder_version=&#8220;4.27.4&#8243; _module_preset=&#8220;default&#8220; width=&#8220;90%&#8220; max_width=&#8220;1170px&#8220; custom_margin=&#8220;||||false|false&#8220; custom_padding=&#8220;9px||4px||false|false&#8220; custom_padding_tablet=&#8220;0px||0px||false|false&#8220; custom_padding_phone=&#8220;&#8220; global_colors_info=&#8220;{}&#8220;][et_pb_column type=&#8220;1_3&#8243; _builder_version=&#8220;4.27.4&#8243; _module_preset=&#8220;default&#8220; background_color=&#8220;#FFFFFF&#8220; global_colors_info=&#8220;{}&#8220;][et_pb_blurb title=&#8220;QUALIT\u00c4T&#8220; image=&#8220;https:\/\/xl-reklama.si\/wp-content\/uploads\/2025\/07\/i1.png&#8220; image_icon_width=&#8220;65%&#8220; admin_label=&#8220;Blown Over Blurbs &#8211; Freddie &#8211; Blurb&#8220; _builder_version=&#8220;4.27.4&#8243; _module_preset=&#8220;default&#8220; header_font=&#8220;Poppins|700|||||||&#8220; header_text_color=&#8220;#000000&#8243; header_font_size=&#8220;20px&#8220; header_line_height=&#8220;120%&#8220; body_font=&#8220;Poppins||||||||&#8220; body_text_color=&#8220;#101010&#8243; body_font_size=&#8220;16px&#8220; body_letter_spacing=&#8220;0.5px&#8220; body_line_height=&#8220;180%&#8220; background_enable_color=&#8220;off&#8220; text_orientation=&#8220;center&#8220; custom_padding=&#8220;56px|50px|50px|50px|false|true&#8220; custom_padding_tablet=&#8220;40px|30px|40px|30px|false|true&#8220; custom_padding_phone=&#8220;&#8220; custom_padding_last_edited=&#8220;on|tablet&#8220; animation=&#8220;off&#8220; custom_css_blurb_image=&#8220; margin-bottom: 28px;&#8220; custom_css_blurb_title=&#8220;    padding-bottom: 12px;||letter-spacing: 0;&#8220; custom_css_blurb_content=&#8220;font-weight: 400;&#8220; global_colors_info=&#8220;{}&#8220;][\/et_pb_blurb][\/et_pb_column][et_pb_column type=&#8220;1_3&#8243; _builder_version=&#8220;4.27.4&#8243; _module_preset=&#8220;default&#8220; background_color=&#8220;#FFFFFF&#8220; global_colors_info=&#8220;{}&#8220;][et_pb_blurb title=&#8220;SUPER PREIS&#8220; image=&#8220;https:\/\/xl-reklama.si\/wp-content\/uploads\/2025\/07\/i2.png&#8220; image_icon_width=&#8220;65%&#8220; admin_label=&#8220;Blown Over Blurbs &#8211; Freddie &#8211; Blurb&#8220; _builder_version=&#8220;4.27.4&#8243; _module_preset=&#8220;default&#8220; header_font=&#8220;Poppins|700|||||||&#8220; header_text_color=&#8220;#000000&#8243; header_font_size=&#8220;20px&#8220; header_line_height=&#8220;120%&#8220; body_font=&#8220;Poppins||||||||&#8220; body_text_color=&#8220;#101010&#8243; body_font_size=&#8220;16px&#8220; body_letter_spacing=&#8220;0.5px&#8220; body_line_height=&#8220;180%&#8220; background_enable_color=&#8220;off&#8220; text_orientation=&#8220;center&#8220; custom_padding=&#8220;56px|50px|50px|50px|false|true&#8220; custom_padding_tablet=&#8220;40px|30px|40px|30px|false|true&#8220; custom_padding_phone=&#8220;&#8220; custom_padding_last_edited=&#8220;on|tablet&#8220; animation=&#8220;off&#8220; custom_css_blurb_image=&#8220; margin-bottom: 28px;&#8220; custom_css_blurb_title=&#8220;    padding-bottom: 12px;||letter-spacing: 0;&#8220; custom_css_blurb_content=&#8220;font-weight: 400;&#8220; locked=&#8220;off&#8220; global_colors_info=&#8220;{}&#8220;][\/et_pb_blurb][\/et_pb_column][et_pb_column type=&#8220;1_3&#8243; _builder_version=&#8220;4.27.4&#8243; _module_preset=&#8220;default&#8220; background_color=&#8220;#FFFFFF&#8220; global_colors_info=&#8220;{}&#8220;][et_pb_blurb title=&#8220;LIEFERUNG und INSTALLATION&#8220; image=&#8220;https:\/\/xl-reklama.si\/wp-content\/uploads\/2025\/07\/i3.png&#8220; image_icon_width=&#8220;65%&#8220; admin_label=&#8220;Blown Over Blurbs &#8211; Freddie &#8211; Blurb&#8220; _builder_version=&#8220;4.27.4&#8243; _module_preset=&#8220;default&#8220; header_font=&#8220;Poppins|700|||||||&#8220; header_text_color=&#8220;#000000&#8243; header_font_size=&#8220;20px&#8220; header_line_height=&#8220;120%&#8220; body_font=&#8220;Poppins||||||||&#8220; body_text_color=&#8220;#101010&#8243; body_font_size=&#8220;16px&#8220; body_letter_spacing=&#8220;0.5px&#8220; body_line_height=&#8220;180%&#8220; background_enable_color=&#8220;off&#8220; text_orientation=&#8220;center&#8220; custom_padding=&#8220;56px|50px|50px|50px|false|true&#8220; custom_padding_tablet=&#8220;40px|30px|40px|30px|false|true&#8220; custom_padding_phone=&#8220;&#8220; custom_padding_last_edited=&#8220;on|tablet&#8220; animation=&#8220;off&#8220; custom_css_blurb_image=&#8220; margin-bottom: 28px;&#8220; custom_css_blurb_title=&#8220;    padding-bottom: 12px;||letter-spacing: 0;&#8220; custom_css_blurb_content=&#8220;font-weight: 400;&#8220; locked=&#8220;off&#8220; global_colors_info=&#8220;{}&#8220;][\/et_pb_blurb][\/et_pb_column][\/et_pb_row][\/et_pb_section]<\/p>\n","protected":false},"excerpt":{"rendered":"<p>\n\t\t\t\t<p class=\"rs-p-wp-fix\"><\/p>\n\t\t\t\t<sr7-module data-alias=\"home-1-de\" data-id=\"3\" id=\"SR7_3_3\" class=\"rs-ov-hidden\" data-version=\"6.7.18\">\n\t\t\t\t\t<sr7-adjuster><\/sr7-adjuster>\n\t\t\t\t\t<sr7-content>\n\t\t\t\t\t\t<sr7-slide id=\"SR7_3_3-13\" data-key=\"13\">\n\t\t\t\t\t\t\t<sr7-txt id=\"SR7_3_3-13-3\" class=\"sr7-layer\">Ihr Partner F\u00fcr Erstklassige Werbe- Und Promotionausstattung<\/sr7-txt>\n\t\t\t\t\t\t<\/sr7-slide>\n\t\t\t\t\t\t<sr7-slide id=\"SR7_3_3-10\" data-key=\"10\">\n\t\t\t\t\t\t<\/sr7-slide>\n\t\t\t\t\t<\/sr7-content>\n\t\t\t\t<\/sr7-module>\n\t\t\t\t<script>\n\t\t\t\t\tSR7.PMH ??={}; SR7.PMH[\"SR7_3_3\"] = {cn:0,state:false,fn: function() { if (_tpt!==undefined && _tpt.prepareModuleHeight !== undefined) {  _tpt.prepareModuleHeight({id:\"SR7_3_3\",el:[700,700,767,960,720],type:'standard',shdw:'0',gh:[700,700,700,400,400],gw:[1240,1240,1024,778,480],vpt:['100px&#039;,&#039;100px&#039;,&#039;100px&#039;,&#039;100px&#039;,&#039;100px'],size:{fullWidth:true, fullHeight:false},mh:'0',onh:0,onw:0,bg:{color:'{\"type\":\"solid\",\"orig\":\"#1a1a1a\",\"string\":\"rgba(26, 26, 26, 1)\"}'}});   SR7.PMH[\"SR7_3_3\"].state=true;} else if((SR7.PMH[\"SR7_3_3\"].cn++)<100)\tsetTimeout( SR7.PMH[\"SR7_3_3\"].fn,19);}};SR7.PMH[\"SR7_3_3\" ].fn();\n\t\t\t\t<\/script>\n\u00dcber unsWillkommen! Wir sind ein spezialisiertes Unternehmen f\u00fcr den Verkauf von Werbe- und Promotionausstattung, das daf\u00fcr sorgt, dass Ihre Marke optimal zur Geltung kommt. Wir bieten umfassende L\u00f6sungen im Bereich Digital- und Gro\u00dfformatdruck.Wir bieten L\u00f6sungen f\u00fcr Au\u00dfenwerbung an, die f\u00fcr langfristige oder kurzfristige Promotion auf verschiedenen Werbetr\u00e4gern geeignet sind.Wir bieten hochwertigen Digitaldruck f\u00fcr den [&hellip;]<\/p>\n","protected":false},"author":1,"featured_media":0,"parent":0,"menu_order":0,"comment_status":"closed","ping_status":"open","template":"","meta":{"_seopress_robots_primary_cat":"","_seopress_titles_title":"","_seopress_titles_desc":"","_seopress_robots_index":"","_et_pb_use_builder":"on","_et_pb_old_content":"","_et_gb_content_width":"","footnotes":""},"class_list":["post-462","page","type-page","status-publish","hentry"],"_links":{"self":[{"href":"https:\/\/xl-reklama.si\/de\/wp-json\/wp\/v2\/pages\/462","targetHints":{"allow":["GET"]}}],"collection":[{"href":"https:\/\/xl-reklama.si\/de\/wp-json\/wp\/v2\/pages"}],"about":[{"href":"https:\/\/xl-reklama.si\/de\/wp-json\/wp\/v2\/types\/page"}],"author":[{"embeddable":true,"href":"https:\/\/xl-reklama.si\/de\/wp-json\/wp\/v2\/users\/1"}],"replies":[{"embeddable":true,"href":"https:\/\/xl-reklama.si\/de\/wp-json\/wp\/v2\/comments?post=462"}],"version-history":[{"count":23,"href":"https:\/\/xl-reklama.si\/de\/wp-json\/wp\/v2\/pages\/462\/revisions"}],"predecessor-version":[{"id":397642,"href":"https:\/\/xl-reklama.si\/de\/wp-json\/wp\/v2\/pages\/462\/revisions\/397642"}],"wp:attachment":[{"href":"https:\/\/xl-reklama.si\/de\/wp-json\/wp\/v2\/media?parent=462"}],"curies":[{"name":"wp","href":"https:\/\/api.w.org\/{rel}","templated":true}]}}